{"id":1829,"date":"2025-05-28T20:58:06","date_gmt":"2025-05-28T18:58:06","guid":{"rendered":"https:\/\/ikt.kre.hu\/oktatasinformatika2025\/?page_id=1829"},"modified":"2025-07-14T08:38:46","modified_gmt":"2025-07-14T06:38:46","slug":"jelentkezes-input-eloadassal-vagy-digitalis-poszterrel","status":"publish","type":"page","link":"https:\/\/ikt.kre.hu\/oktatasinformatika2025\/jelentkezes-input-eloadassal-vagy-digitalis-poszterrel\/","title":{"rendered":"Jelentkez\u00e9s input el\u0151ad\u00e1ssal vagy digit\u00e1lis poszterrel"},"content":{"rendered":"\n<h6 class=\"wp-block-heading has-text-align-center has-medium-font-size\">A VI. Oktat\u00e1sinformatika a fels\u0151oktat\u00e1sban c. konferencia \u00e9s szakki\u00e1ll\u00edt\u00e1s keret\u00e9ben k\u00e9t<br>k\u00fcl\u00f6nb\u00f6z\u0151 szekci\u00f3ba v\u00e1rjuk az el\u0151ad\u00f3k jelentkez\u00e9s\u00e9t:&nbsp;<\/h6>\n\n\n\n<div class=\"wp-block-group alignfull is-layout-flow wp-block-group-is-layout-flow has-background\" style=\"padding-top:var(--wp--preset--spacing--20);padding-right:var(--wp--preset--spacing--20);padding-bottom:var(--wp--preset--spacing--20);padding-left:var(--wp--preset--spacing--20);box-shadow:var(--wp--preset--shadow--natural);background-image:url(&apos;https:\/\/ikt.kre.hu\/oktatasinformatika2025\/wp-content\/uploads\/2025\/05\/tengrai_image_1748103220_9365704.png&apos;);background-size:cover;\">\n<div class=\"wp-block-group is-content-justification-center is-nowrap is-layout-flex wp-container-core-group-is-layout-23441af8 wp-block-group-is-layout-flex\">\n<div class=\"wp-block-columns glass2 is-layout-flex wp-container-core-columns-is-layout-057008f9 wp-block-columns-is-layout-flex\" style=\"padding-right:0;padding-left:0\">\n<div class=\"wp-block-column has-global-padding is-layout-constrained wp-container-core-column-is-layout-ff778368 wp-block-column-is-layout-constrained\" style=\"padding-right:var(--wp--preset--spacing--30);padding-left:var(--wp--preset--spacing--30)\">\n<h3 class=\"wp-block-heading has-text-align-center\" style=\"margin-top:var(--wp--preset--spacing--20);margin-bottom:var(--wp--preset--spacing--20)\"><strong>Input-el\u0151ad\u00e1s<\/strong><\/h3>\n\n\n\n<p class=\"has-text-align-left\" style=\"margin-left:0\">Olyan <strong>szakmai m\u0171hely<\/strong>, ahol minden r\u00e9sztvev\u0151 egyenrang\u00fa f\u00e9lk\u00e9nt vesz r\u00e9szt a k\u00f6z\u00f6s gondolkod\u00e1sban.&nbsp; <br>Ebben a 30 perces szekci\u00f3ban 5\u20138 perces r\u00f6vid, <strong>gondolat\u00e9breszt\u0151 el\u0151ad\u00e1sokat<\/strong> (\u00fan. inputokat) v\u00e1runk, amelyek val\u00f3s k\u00e9rd\u00e9seket, dilemm\u00e1kat vagy j\u00f3gyakorlatokat vetnek fel a konferencia idei t\u00e9m\u00e1j\u00e1hoz kapcsol\u00f3d\u00f3an a <strong>feladatkiad\u00e1s, az \u00e9rt\u00e9kel\u00e9s vagy az MI-szab\u00e1lyoz\u00e1s<\/strong> ter\u00fclet\u00e9r\u0151l. A t\u00e9mafelvet\u00e9st k\u00f6vet\u0151en a r\u00e9sztvev\u0151k kiscsoportos diszkusszi\u00f3kban, 20 perces besz\u00e9lget\u00e9sek sor\u00e1n k\u00f6z\u00f6sen keresnek v\u00e1laszokat, szempontokat, p\u00e1rhuzamokat, tov\u00e1bbi lehet\u0151s\u00e9geket a t\u00e9ma feldolgoz\u00e1s\u00e1ra.&nbsp;<\/p>\n\n\n\n<p class=\"has-text-align-left\" style=\"margin-bottom:var(--wp--preset--spacing--20);margin-left:0\">Jelentkezzen ebbe a szekci\u00f3ba el\u0151ad\u00f3nak, ha szeretn\u00e9 megosztani k\u00e9rd\u00e9seit vagy tapasztalatait, \u00e9s sz\u00edvesen \u00e9p\u00edtkezne tov\u00e1bb m\u00e1sok reflexi\u00f3ib\u00f3l egy nyitott eszmecser\u00e9ben.<\/p>\n<\/div>\n<\/div>\n\n\n\n<div class=\"wp-block-columns glass2 is-layout-flex wp-container-core-columns-is-layout-057008f9 wp-block-columns-is-layout-flex\" style=\"padding-right:0;padding-left:0\">\n<div class=\"wp-block-column has-global-padding is-layout-constrained wp-container-core-column-is-layout-29a8626f wp-block-column-is-layout-constrained\" style=\"padding-top:0;padding-right:var(--wp--preset--spacing--20);padding-bottom:0;padding-left:var(--wp--preset--spacing--20)\">\n<h3 class=\"wp-block-heading has-text-align-center has-theme-5-color has-text-color has-link-color wp-elements-b7479fbe3ad2c6cdeec497510f059260\" style=\"margin-top:var(--wp--preset--spacing--20);margin-bottom:var(--wp--preset--spacing--20)\"><strong>Digit\u00e1lis poszter<\/strong><\/h3>\n\n\n\n<p class=\"has-text-align-left has-small-font-size\" style=\"margin-left:0\"><strong>Interakt\u00edv bemutatkoz\u00e1si lehet\u0151s\u00e9g<\/strong> digit\u00e1lis form\u00e1ban. A kiv\u00e1lasztott poszterek k\u00e9sz\u00edt\u0151i egy 10 perces bemutat\u00f3val, majd 5 perces diszkusszi\u00f3val oszthatj\u00e1k meg munk\u00e1jukat a r\u00e9sztvev\u0151kkel.<\/p>\n\n\n\n<p style=\"padding-top:0;padding-bottom:0px;line-height:0\"><strong>A poszter t\u00e9m\u00e1ja lehet:&nbsp;<\/strong><\/p>\n\n\n\n<ul class=\"wp-block-list\">\n<li style=\"padding-top:0;padding-bottom:0\"> J\u00f3gyakorlat, amely v\u00e1laszokat ad az MI haszn\u00e1lat\u00e1nak kih\u00edv\u00e1saira&nbsp;<\/li>\n\n\n\n<li>Kutat\u00e1si eredm\u00e9nyek gyakorlati hasznosul\u00e1sa&nbsp;<\/li>\n\n\n\n<li>Innovat\u00edv m\u00f3dszerek a feladatkiad\u00e1sban, \u00e9rt\u00e9kel\u00e9sben&nbsp;<\/li>\n\n\n\n<li>MI-szab\u00e1lyoz\u00f3 dokumentumok bemutat\u00e1sa&nbsp;<\/li>\n<\/ul>\n\n\n\n<p class=\"has-text-align-center\" style=\"margin-bottom:var(--wp--preset--spacing--20);margin-left:0\">\/Hogyan k\u00e9sz\u00fclj\u00f6n az <a href=\"https:\/\/youtu.be\/5sCYFLloXSM\" data-type=\"link\" data-id=\"https:\/\/youtu.be\/5sCYFLloXSM\" target=\"_blank\" rel=\"noreferrer noopener\">interakt\u00edv poszter<\/a>?&nbsp; Inspir\u00e1ci\u00f3 a <a href=\"https:\/\/iktkre.wordpress.com\/poszter\/\" data-type=\"link\" data-id=\"https:\/\/iktkre.wordpress.com\/poszter\/\" target=\"_blank\" rel=\"noreferrer noopener\">tavalyi poszterekb\u0151l<\/a>.\/<\/p>\n<\/div>\n<\/div>\n<\/div>\n<\/div>\n\n\n\n<figure class=\"wp-block-image alignwide size-large\" style=\"margin-right:0;margin-left:0\"><img loading=\"lazy\" decoding=\"async\" width=\"1024\" height=\"398\" src=\"https:\/\/ikt.kre.hu\/oktatasinformatika2025\/wp-content\/uploads\/2025\/05\/Oktatasinformatika-a-felsooktatasban-VI.-designtervek-2-1-1024x398.png\" alt=\"\" class=\"wp-image-1832\" style=\"box-shadow:none\" srcset=\"https:\/\/ikt.kre.hu\/oktatasinformatika2025\/wp-content\/uploads\/2025\/05\/Oktatasinformatika-a-felsooktatasban-VI.-designtervek-2-1-1024x398.png 1024w, https:\/\/ikt.kre.hu\/oktatasinformatika2025\/wp-content\/uploads\/2025\/05\/Oktatasinformatika-a-felsooktatasban-VI.-designtervek-2-1-300x117.png 300w, https:\/\/ikt.kre.hu\/oktatasinformatika2025\/wp-content\/uploads\/2025\/05\/Oktatasinformatika-a-felsooktatasban-VI.-designtervek-2-1-768x298.png 768w, https:\/\/ikt.kre.hu\/oktatasinformatika2025\/wp-content\/uploads\/2025\/05\/Oktatasinformatika-a-felsooktatasban-VI.-designtervek-2-1-50x19.png 50w, https:\/\/ikt.kre.hu\/oktatasinformatika2025\/wp-content\/uploads\/2025\/05\/Oktatasinformatika-a-felsooktatasban-VI.-designtervek-2-1-1600x622.png 1600w, https:\/\/ikt.kre.hu\/oktatasinformatika2025\/wp-content\/uploads\/2025\/05\/Oktatasinformatika-a-felsooktatasban-VI.-designtervek-2-1-1536x597.png 1536w, https:\/\/ikt.kre.hu\/oktatasinformatika2025\/wp-content\/uploads\/2025\/05\/Oktatasinformatika-a-felsooktatasban-VI.-designtervek-2-1-2048x796.png 2048w\" sizes=\"auto, (max-width: 1024px) 100vw, 1024px\" \/><\/figure>\n\n\n\n<p class=\"has-text-align-left\"><strong>B\u00e1rmely szekci\u00f3ban val\u00f3 r\u00e9szv\u00e9tel eset\u00e9n a jelentkez\u0151k kedvezm\u00e9nyes bel\u00e9p\u00e9sre jogosultak a konferenci\u00e1n.&nbsp;<\/strong><\/p>\n\n\n\n<p class=\"has-text-align-left\">K\u00e9rj\u00fck, gondolja v\u00e9gig, melyik forma illeszkedik legink\u00e1bb az \u00d6n t\u00e9m\u00e1j\u00e1hoz, \u00e9s jelentkezzen el\u0151ad\u00f3k\u00e9nt!&nbsp;<\/p>\n\n\n\n<p class=\"has-text-align-left has-theme-5-color has-text-color has-small-font-size wp-elements-9541f75b905a3238a5555565059481be\"><strong>Jelentkez\u00e9s<\/strong> az al\u00e1bbi \u0171rlapok kit\u00f6lt\u00e9s\u00e9vel:<a href=\"https:\/\/forms.office.com\/e\/yH9EREgJKT?origin=lprLink\" target=\"_blank\" rel=\"noreferrer noopener\"> input-el\u0151ad\u00e1s<\/a>, <a href=\"https:\/\/forms.office.com\/e\/0mLVDXyVmJ?origin=lprLink\" target=\"_blank\" rel=\"noreferrer noopener\">digit\u00e1lis poszter<\/a>.\u00a0<br>Jelentkez\u00e9si hat\u00e1rid\u0151: 2025. j\u00falius 15.\u00a0<br>\u00a0<br>B\u00edzunk benne, hogy \u00d6nt is el\u0151ad\u00f3ink k\u00f6z\u00f6tt k\u00f6sz\u00f6nthetj\u00fck!<\/p>\n","protected":false},"excerpt":{"rendered":"<p>A VI. Oktat\u00e1sinformatika a fels\u0151oktat\u00e1sban c. konferencia \u00e9s szakki\u00e1ll\u00edt\u00e1s keret\u00e9ben k\u00e9tk\u00fcl\u00f6nb\u00f6z\u0151 szekci\u00f3ba v\u00e1rjuk az el\u0151ad\u00f3k jelentkez\u00e9s\u00e9t:&nbsp; Input-el\u0151ad\u00e1s Olyan szakmai m\u0171hely, ahol minden r\u00e9sztvev\u0151 egyenrang\u00fa f\u00e9lk\u00e9nt vesz r\u00e9szt a k\u00f6z\u00f6s gondolkod\u00e1sban.&nbsp; Ebben a 30 perces szekci\u00f3ban 5\u20138 perces r\u00f6vid, gondolat\u00e9breszt\u0151 el\u0151ad\u00e1sokat (\u00fan. inputokat) v\u00e1runk, amelyek val\u00f3s k\u00e9rd\u00e9seket, dilemm\u00e1kat vagy j\u00f3gyakorlatokat vetnek fel a konferencia idei t\u00e9m\u00e1j\u00e1hoz [&hellip;]<\/p>\n","protected":false},"author":1,"featured_media":0,"parent":0,"menu_order":0,"comment_status":"closed","ping_status":"closed","template":"","meta":{"iawp_total_views":53,"footnotes":""},"class_list":["post-1829","page","type-page","status-publish","hentry"],"_links":{"self":[{"href":"https:\/\/ikt.kre.hu\/oktatasinformatika2025\/wp-json\/wp\/v2\/pages\/1829","targetHints":{"allow":["GET"]}}],"collection":[{"href":"https:\/\/ikt.kre.hu\/oktatasinformatika2025\/wp-json\/wp\/v2\/pages"}],"about":[{"href":"https:\/\/ikt.kre.hu\/oktatasinformatika2025\/wp-json\/wp\/v2\/types\/page"}],"author":[{"embeddable":true,"href":"https:\/\/ikt.kre.hu\/oktatasinformatika2025\/wp-json\/wp\/v2\/users\/1"}],"replies":[{"embeddable":true,"href":"https:\/\/ikt.kre.hu\/oktatasinformatika2025\/wp-json\/wp\/v2\/comments?post=1829"}],"version-history":[{"count":14,"href":"https:\/\/ikt.kre.hu\/oktatasinformatika2025\/wp-json\/wp\/v2\/pages\/1829\/revisions"}],"predecessor-version":[{"id":2030,"href":"https:\/\/ikt.kre.hu\/oktatasinformatika2025\/wp-json\/wp\/v2\/pages\/1829\/revisions\/2030"}],"wp:attachment":[{"href":"https:\/\/ikt.kre.hu\/oktatasinformatika2025\/wp-json\/wp\/v2\/media?parent=1829"}],"curies":[{"name":"wp","href":"https:\/\/api.w.org\/{rel}","templated":true}]}}