{"id":1883,"date":"2025-05-29T12:45:58","date_gmt":"2025-05-29T10:45:58","guid":{"rendered":"https:\/\/ikt.kre.hu\/oktatasinformatika2025\/?page_id=1883"},"modified":"2025-07-21T11:18:29","modified_gmt":"2025-07-21T09:18:29","slug":"dr-papp-danka-adrienn","status":"publish","type":"page","link":"https:\/\/ikt.kre.hu\/oktatasinformatika2025\/dr-papp-danka-adrienn\/","title":{"rendered":"Dr. Papp-Danka Adrienn"},"content":{"rendered":"\n<div class=\"wp-block-group alignfull has-global-padding is-layout-constrained wp-block-group-is-layout-constrained has-background\" style=\"padding-top:var(--wp--preset--spacing--20);padding-bottom:var(--wp--preset--spacing--20);box-shadow:var(--wp--preset--shadow--natural);background-image:url(&apos;https:\/\/ikt.kre.hu\/oktatasinformatika2025\/wp-content\/uploads\/2025\/05\/tengrai_image_1748103220_9365704.png&apos;);background-size:cover;\">\n<div class=\"wp-block-columns glass2 is-layout-flex wp-container-core-columns-is-layout-0d2466c3 wp-block-columns-is-layout-flex\" style=\"padding-top:var(--wp--preset--spacing--20);padding-right:var(--wp--preset--spacing--20);padding-bottom:var(--wp--preset--spacing--20);padding-left:var(--wp--preset--spacing--20)\">\n<div class=\"wp-block-column is-layout-flow wp-block-column-is-layout-flow\">\n<figure class=\"wp-block-image aligncenter size-large is-resized\"><img loading=\"lazy\" decoding=\"async\" width=\"1024\" height=\"1024\" src=\"https:\/\/ikt.kre.hu\/oktatasinformatika2025\/wp-content\/uploads\/2025\/05\/26-1024x1024.png\" alt=\"\" class=\"wp-image-1817\" style=\"width:267px\" srcset=\"https:\/\/ikt.kre.hu\/oktatasinformatika2025\/wp-content\/uploads\/2025\/05\/26-1024x1024.png 1024w, https:\/\/ikt.kre.hu\/oktatasinformatika2025\/wp-content\/uploads\/2025\/05\/26-300x300.png 300w, https:\/\/ikt.kre.hu\/oktatasinformatika2025\/wp-content\/uploads\/2025\/05\/26-150x150.png 150w, https:\/\/ikt.kre.hu\/oktatasinformatika2025\/wp-content\/uploads\/2025\/05\/26-768x768.png 768w, https:\/\/ikt.kre.hu\/oktatasinformatika2025\/wp-content\/uploads\/2025\/05\/26-50x50.png 50w, https:\/\/ikt.kre.hu\/oktatasinformatika2025\/wp-content\/uploads\/2025\/05\/26-1600x1600.png 1600w, https:\/\/ikt.kre.hu\/oktatasinformatika2025\/wp-content\/uploads\/2025\/05\/26-1536x1536.png 1536w, https:\/\/ikt.kre.hu\/oktatasinformatika2025\/wp-content\/uploads\/2025\/05\/26-2048x2048.png 2048w\" sizes=\"auto, (max-width: 1024px) 100vw, 1024px\" \/><\/figure>\n<\/div>\n\n\n\n<div class=\"wp-block-column is-vertically-aligned-center is-layout-flow wp-block-column-is-layout-flow\">\n<p class=\"has-text-align-center\"><strong>Dr. Papp-Danka Adrienn&nbsp;<\/strong><br>(irodavezet\u0151, K\u00e9pz\u00e9sfejleszt\u00e9si Iroda, BGE)<\/p>\n\n\n\n<div class=\"wp-block-group has-global-padding is-content-justification-center is-layout-constrained wp-block-group-is-layout-constrained\">\n<div class=\"wp-block-columns are-vertically-aligned-center is-layout-flex wp-container-core-columns-is-layout-28f84493 wp-block-columns-is-layout-flex\">\n<div class=\"wp-block-column is-vertically-aligned-center has-global-padding is-content-justification-center is-layout-constrained wp-block-column-is-layout-constrained\">\n<ul class=\"wp-block-social-links has-icon-color is-style-logos-only is-content-justification-center is-layout-flex wp-container-core-social-links-is-layout-c124d1c4 wp-block-social-links-is-layout-flex\"><li style=\"color:#000000;\" class=\"wp-social-link wp-social-link-linkedin has-theme-5-color wp-block-social-link\"><a href=\"https:\/\/www.linkedin.com\/in\/adriennpappdanka\/\" class=\"wp-block-social-link-anchor\"><svg width=\"24\" height=\"24\" viewBox=\"0 0 24 24\" version=\"1.1\" xmlns=\"http:\/\/www.w3.org\/2000\/svg\" aria-hidden=\"true\" focusable=\"false\"><path d=\"M19.7,3H4.3C3.582,3,3,3.582,3,4.3v15.4C3,20.418,3.582,21,4.3,21h15.4c0.718,0,1.3-0.582,1.3-1.3V4.3 C21,3.582,20.418,3,19.7,3z M8.339,18.338H5.667v-8.59h2.672V18.338z M7.004,8.574c-0.857,0-1.549-0.694-1.549-1.548 c0-0.855,0.691-1.548,1.549-1.548c0.854,0,1.547,0.694,1.547,1.548C8.551,7.881,7.858,8.574,7.004,8.574z M18.339,18.338h-2.669 v-4.177c0-0.996-0.017-2.278-1.387-2.278c-1.389,0-1.601,1.086-1.601,2.206v4.249h-2.667v-8.59h2.559v1.174h0.037 c0.356-0.675,1.227-1.387,2.526-1.387c2.703,0,3.203,1.779,3.203,4.092V18.338z\"><\/path><\/svg><span class=\"wp-block-social-link-label screen-reader-text\">LinkedIn<\/span><\/a><\/li><\/ul>\n<\/div>\n<\/div>\n<\/div>\n<\/div>\n<\/div>\n<\/div>\n\n\n\n<div class=\"wp-block-group alignwide is-layout-flow wp-block-group-is-layout-flow\">\n<p style=\"font-size:clamp(14px, 0.875rem + ((1vw - 3.2px) * 0.536), 20px);\"><strong>C\u00edm:<\/strong> <strong>&#8222;H\u00e1rman p\u00e1rban&#8221; &#8211; Oktat\u00f3k,\u00a0m\u00f3dszertani szak\u00e9rt\u0151k \u00e9s szakmai partnerek hat\u00e9kony egy\u00fcttm\u0171k\u00f6d\u00e9se a hallgat\u00f3i digit\u00e1liskompetencia-fejleszt\u00e9sben<\/strong><\/p>\n\n\n\n<p style=\"font-size:clamp(14px, 0.875rem + ((1vw - 3.2px) * 0.536), 20px);\"><strong>Absztrakt:<\/strong><\/p>\n\n\n\n<p>Az egyetemi oktat\u00f3knak gyakran gondot okoz, hogy a munkaer\u0151piac ig\u00e9nyeinek megfelel\u0151 k\u00e9pz\u00e9st biztos\u00edtsanak a kurzusokon. \u00cdgy van ez a mesters\u00e9ges intelligencia ter\u00e9n is, hiszen a rohamosan fejl\u0151d\u0151 technol\u00f3gia elsaj\u00e1t\u00edt\u00e1sa \u00e9s kompetenciaszint\u0171 tov\u00e1bbad\u00e1sa a hallgat\u00f3knak igazi kih\u00edv\u00e1s el\u00e9 \u00e1ll\u00edtja jelenleg az oktat\u00f3kat. El\u0151ad\u00e1sunkban r\u00f6viden bemutatjuk, hogy mit tudunk a Budapesti Gazdas\u00e1gtudom\u00e1nyi Egyetem 2024 \u0151sz\u00e9n v\u00e9gzett reprezentat\u00edv m\u00e9r\u00e9s\u00e9b\u0151l arra vonatkoz\u00f3an, hogy az oktat\u00f3k \u00e9s a hallgat\u00f3k milyen feladatokat tudnak j\u00f3l, \u00e9s kev\u00e9sb\u00e9 j\u00f3l elv\u00e9gezni a mesters\u00e9ges intelligencia seg\u00edts\u00e9g\u00e9vel. Ez ut\u00e1n pedig bemutatjuk azt az egyetemi j\u00f3gyakorlatot, amelyet a m\u00e9r\u00e9si eredm\u00e9nyekre alapozva dolgoztunk ki fejleszt\u00e9si projektk\u00e9nt. A program t\u00e9m\u00e1ja a mesters\u00e9ges intelligencia alkalmaz\u00e1sa hallgat\u00f3i feladatokban. A projektben az oktat\u00f3k \u00e9s a hallgat\u00f3k mellett egy munkaer\u0151piaci ig\u00e9nyeket k\u00e9pvisel\u0151 partnerc\u00e9g is r\u00e9szt vesz, aki az MI aktualit\u00e1sait \u00e9s a c\u00e9ges k\u00f6rnyezet elv\u00e1r\u00e1sait k\u00e9pviseli. Az oktat\u00f3i k\u00e9pz\u00e9sen ezt a v\u00e1llalati szeml\u00e9letet \u00e9s a CTL iroda m\u00f3dszertani tud\u00e1s\u00e1t egyes\u00edtve t\u00f6reksz\u00fcnk arra, hogy hallgat\u00f3i feladatokat tal\u00e1ljunk ki a hallgat\u00f3i MI-\u00edr\u00e1stud\u00e1s fejleszt\u00e9s\u00e9re. A hallgat\u00f3k pedig \u2014 a sz\u00e1mukra szervezett workshopon \u2014, kipr\u00f3b\u00e1lj\u00e1k az oktat\u00f3i k\u00e9pz\u00e9sen kital\u00e1lt feladatokat, \u00edgy biztos\u00edtva az oktat\u00f3i \u00e9s a hallgat\u00f3i n\u00e9z\u0151pontok, ig\u00e9nyek k\u00f6zel\u00edt\u00e9s\u00e9t. A sokszerepl\u0151s projekt keret\u00e9ben egy j\u00f3l m\u0171k\u00f6d\u0151, komplex folyamatot mutatunk be, b\u00edzv\u00e1n abban, hogy adapt\u00e1lhat\u00f3 utat mutatunk azoknak a CTL irod\u00e1knak \u00e9s a t\u00e9ma ir\u00e1nt \u00e9rdekl\u0151d\u0151 egyetemi szakembereknek, akiket foglalkoztat az oktat\u00f3k \u00e9s a hallgat\u00f3k digit\u00e1lis kompetenci\u00e1j\u00e1nak fejleszt\u00e9se.<\/p>\n<\/div>\n","protected":false},"excerpt":{"rendered":"<p>Dr. Papp-Danka Adrienn&nbsp;(irodavezet\u0151, K\u00e9pz\u00e9sfejleszt\u00e9si Iroda, BGE) C\u00edm: &#8222;H\u00e1rman p\u00e1rban&#8221; &#8211; Oktat\u00f3k,\u00a0m\u00f3dszertani szak\u00e9rt\u0151k \u00e9s szakmai partnerek hat\u00e9kony egy\u00fcttm\u0171k\u00f6d\u00e9se a hallgat\u00f3i digit\u00e1liskompetencia-fejleszt\u00e9sben Absztrakt: Az egyetemi oktat\u00f3knak gyakran gondot okoz, hogy a munkaer\u0151piac ig\u00e9nyeinek megfelel\u0151 k\u00e9pz\u00e9st biztos\u00edtsanak a kurzusokon. \u00cdgy van ez a mesters\u00e9ges intelligencia ter\u00e9n is, hiszen a rohamosan fejl\u0151d\u0151 technol\u00f3gia elsaj\u00e1t\u00edt\u00e1sa \u00e9s kompetenciaszint\u0171 tov\u00e1bbad\u00e1sa a hallgat\u00f3knak [&hellip;]<\/p>\n","protected":false},"author":1,"featured_media":0,"parent":0,"menu_order":0,"comment_status":"closed","ping_status":"closed","template":"","meta":{"iawp_total_views":37,"footnotes":""},"class_list":["post-1883","page","type-page","status-publish","hentry"],"_links":{"self":[{"href":"https:\/\/ikt.kre.hu\/oktatasinformatika2025\/wp-json\/wp\/v2\/pages\/1883","targetHints":{"allow":["GET"]}}],"collection":[{"href":"https:\/\/ikt.kre.hu\/oktatasinformatika2025\/wp-json\/wp\/v2\/pages"}],"about":[{"href":"https:\/\/ikt.kre.hu\/oktatasinformatika2025\/wp-json\/wp\/v2\/types\/page"}],"author":[{"embeddable":true,"href":"https:\/\/ikt.kre.hu\/oktatasinformatika2025\/wp-json\/wp\/v2\/users\/1"}],"replies":[{"embeddable":true,"href":"https:\/\/ikt.kre.hu\/oktatasinformatika2025\/wp-json\/wp\/v2\/comments?post=1883"}],"version-history":[{"count":6,"href":"https:\/\/ikt.kre.hu\/oktatasinformatika2025\/wp-json\/wp\/v2\/pages\/1883\/revisions"}],"predecessor-version":[{"id":2037,"href":"https:\/\/ikt.kre.hu\/oktatasinformatika2025\/wp-json\/wp\/v2\/pages\/1883\/revisions\/2037"}],"wp:attachment":[{"href":"https:\/\/ikt.kre.hu\/oktatasinformatika2025\/wp-json\/wp\/v2\/media?parent=1883"}],"curies":[{"name":"wp","href":"https:\/\/api.w.org\/{rel}","templated":true}]}}