{"id":1902,"date":"2025-05-29T12:58:57","date_gmt":"2025-05-29T10:58:57","guid":{"rendered":"https:\/\/ikt.kre.hu\/oktatasinformatika2025\/?page_id=1902"},"modified":"2025-07-21T11:27:35","modified_gmt":"2025-07-21T09:27:35","slug":"szoke-johanna","status":"publish","type":"page","link":"https:\/\/ikt.kre.hu\/oktatasinformatika2025\/szoke-johanna\/","title":{"rendered":"Szoke Johanna"},"content":{"rendered":"\n<div class=\"wp-block-group alignfull has-global-padding is-layout-constrained wp-block-group-is-layout-constrained has-background\" style=\"padding-top:var(--wp--preset--spacing--20);padding-bottom:var(--wp--preset--spacing--20);box-shadow:var(--wp--preset--shadow--natural);background-image:url(&apos;https:\/\/ikt.kre.hu\/oktatasinformatika2025\/wp-content\/uploads\/2025\/05\/tengrai_image_1748103220_9365704.png&apos;);background-size:cover;\">\n<div class=\"wp-block-columns glass2 is-layout-flex wp-container-core-columns-is-layout-0d2466c3 wp-block-columns-is-layout-flex\" style=\"padding-top:var(--wp--preset--spacing--20);padding-right:var(--wp--preset--spacing--20);padding-bottom:var(--wp--preset--spacing--20);padding-left:var(--wp--preset--spacing--20)\">\n<div class=\"wp-block-column is-layout-flow wp-block-column-is-layout-flow\">\n<figure class=\"wp-block-image aligncenter size-large is-resized\"><img loading=\"lazy\" decoding=\"async\" width=\"2215\" height=\"2215\" src=\"https:\/\/ikt.kre.hu\/oktatasinformatika2025\/wp-content\/uploads\/2025\/05\/24-1024x1024.png\" alt=\"\" class=\"wp-image-1815\" style=\"width:267px\" srcset=\"https:\/\/ikt.kre.hu\/oktatasinformatika2025\/wp-content\/uploads\/2025\/05\/24-1024x1024.png 1024w, https:\/\/ikt.kre.hu\/oktatasinformatika2025\/wp-content\/uploads\/2025\/05\/24-300x300.png 300w, https:\/\/ikt.kre.hu\/oktatasinformatika2025\/wp-content\/uploads\/2025\/05\/24-150x150.png 150w, https:\/\/ikt.kre.hu\/oktatasinformatika2025\/wp-content\/uploads\/2025\/05\/24-768x768.png 768w, https:\/\/ikt.kre.hu\/oktatasinformatika2025\/wp-content\/uploads\/2025\/05\/24-50x50.png 50w, https:\/\/ikt.kre.hu\/oktatasinformatika2025\/wp-content\/uploads\/2025\/05\/24-1600x1600.png 1600w, https:\/\/ikt.kre.hu\/oktatasinformatika2025\/wp-content\/uploads\/2025\/05\/24-1536x1536.png 1536w, https:\/\/ikt.kre.hu\/oktatasinformatika2025\/wp-content\/uploads\/2025\/05\/24-2048x2048.png 2048w\" sizes=\"auto, (max-width: 2215px) 100vw, 2215px\" \/><\/figure>\n<\/div>\n\n\n\n<div class=\"wp-block-column is-vertically-aligned-center is-layout-flow wp-block-column-is-layout-flow\">\n<p class=\"has-text-align-center has-medium-font-size\"><strong><strong>Sz\u0151ke Johanna<\/strong><\/strong><\/p>\n\n\n\n<div class=\"wp-block-group has-global-padding is-content-justification-center is-layout-constrained wp-block-group-is-layout-constrained\">\n<div class=\"wp-block-columns are-vertically-aligned-center is-layout-flex wp-container-core-columns-is-layout-28f84493 wp-block-columns-is-layout-flex\">\n<div class=\"wp-block-column is-vertically-aligned-center has-global-padding is-content-justification-center is-layout-constrained wp-block-column-is-layout-constrained\">\n<ul class=\"wp-block-social-links has-icon-color is-style-logos-only is-content-justification-center is-layout-flex wp-container-core-social-links-is-layout-c124d1c4 wp-block-social-links-is-layout-flex\"><li style=\"color:#000000;\" class=\"wp-social-link wp-social-link-linkedin has-theme-5-color wp-block-social-link\"><a href=\"https:\/\/www.linkedin.com\/in\/joanna-szoke\/\" class=\"wp-block-social-link-anchor\"><svg width=\"24\" height=\"24\" viewBox=\"0 0 24 24\" version=\"1.1\" xmlns=\"http:\/\/www.w3.org\/2000\/svg\" aria-hidden=\"true\" focusable=\"false\"><path d=\"M19.7,3H4.3C3.582,3,3,3.582,3,4.3v15.4C3,20.418,3.582,21,4.3,21h15.4c0.718,0,1.3-0.582,1.3-1.3V4.3 C21,3.582,20.418,3,19.7,3z M8.339,18.338H5.667v-8.59h2.672V18.338z M7.004,8.574c-0.857,0-1.549-0.694-1.549-1.548 c0-0.855,0.691-1.548,1.549-1.548c0.854,0,1.547,0.694,1.547,1.548C8.551,7.881,7.858,8.574,7.004,8.574z M18.339,18.338h-2.669 v-4.177c0-0.996-0.017-2.278-1.387-2.278c-1.389,0-1.601,1.086-1.601,2.206v4.249h-2.667v-8.59h2.559v1.174h0.037 c0.356-0.675,1.227-1.387,2.526-1.387c2.703,0,3.203,1.779,3.203,4.092V18.338z\"><\/path><\/svg><span class=\"wp-block-social-link-label screen-reader-text\">LinkedIn<\/span><\/a><\/li><\/ul>\n<\/div>\n<\/div>\n<\/div>\n<\/div>\n<\/div>\n<\/div>\n\n\n\n<div class=\"wp-block-group alignwide is-layout-flow wp-block-group-is-layout-flow\">\n<p style=\"font-size:clamp(14px, 0.875rem + ((1vw - 3.2px) * 0.536), 20px);\"><strong>C\u00edm: MI vagy mi? \u2013 Az MI v\u00e1laszainak \u00e9rt\u0151 haszn\u00e1lata az egyetemen\u00a0<\/strong><\/p>\n\n\n\n<p style=\"font-size:clamp(14px, 0.875rem + ((1vw - 3.2px) * 0.536), 20px);\"><strong><strong>Absztrakt:<\/strong><\/strong><\/p>\n\n\n\n<p>A mesters\u00e9ges intelligencia v\u00e1laszai sokszor meggy\u0151z\u0151ek \u2013 de vajon ugyanolyan megb\u00edzhat\u00f3ak is? A workshop sor\u00e1n kritikus szemmel vizsg\u00e1ljuk meg az MI \u00e1ltal gener\u00e1lt tartalmakat: felismerj\u00fck az esetleges torz\u00edt\u00e1sokat, ut\u00e1nan\u00e9z\u00fcnk a chatbotok \u00e1ltal haszn\u00e1lt forr\u00e1soknak, \u00e9s kialak\u00edtjuk a hat\u00e9kony egy\u00fcttm\u0171k\u00f6d\u00e9s alapjait. C\u00e9lunk nem elutas\u00edtani vagy vakon k\u00f6vetni, hanem tudatosan \u00e9s megalapozottan haszn\u00e1lni az MI-t az egyetemi tanulm\u00e1nyokban \u00e9s a kutat\u00e1s vil\u00e1g\u00e1ban.&nbsp;<\/p>\n<\/div>\n","protected":false},"excerpt":{"rendered":"<p>Sz\u0151ke Johanna C\u00edm: MI vagy mi? \u2013 Az MI v\u00e1laszainak \u00e9rt\u0151 haszn\u00e1lata az egyetemen\u00a0 Absztrakt: A mesters\u00e9ges intelligencia v\u00e1laszai sokszor meggy\u0151z\u0151ek \u2013 de vajon ugyanolyan megb\u00edzhat\u00f3ak is? A workshop sor\u00e1n kritikus szemmel vizsg\u00e1ljuk meg az MI \u00e1ltal gener\u00e1lt tartalmakat: felismerj\u00fck az esetleges torz\u00edt\u00e1sokat, ut\u00e1nan\u00e9z\u00fcnk a chatbotok \u00e1ltal haszn\u00e1lt forr\u00e1soknak, \u00e9s kialak\u00edtjuk a hat\u00e9kony egy\u00fcttm\u0171k\u00f6d\u00e9s alapjait. [&hellip;]<\/p>\n","protected":false},"author":1,"featured_media":0,"parent":0,"menu_order":0,"comment_status":"closed","ping_status":"closed","template":"","meta":{"iawp_total_views":68,"footnotes":""},"class_list":["post-1902","page","type-page","status-publish","hentry"],"_links":{"self":[{"href":"https:\/\/ikt.kre.hu\/oktatasinformatika2025\/wp-json\/wp\/v2\/pages\/1902","targetHints":{"allow":["GET"]}}],"collection":[{"href":"https:\/\/ikt.kre.hu\/oktatasinformatika2025\/wp-json\/wp\/v2\/pages"}],"about":[{"href":"https:\/\/ikt.kre.hu\/oktatasinformatika2025\/wp-json\/wp\/v2\/types\/page"}],"author":[{"embeddable":true,"href":"https:\/\/ikt.kre.hu\/oktatasinformatika2025\/wp-json\/wp\/v2\/users\/1"}],"replies":[{"embeddable":true,"href":"https:\/\/ikt.kre.hu\/oktatasinformatika2025\/wp-json\/wp\/v2\/comments?post=1902"}],"version-history":[{"count":4,"href":"https:\/\/ikt.kre.hu\/oktatasinformatika2025\/wp-json\/wp\/v2\/pages\/1902\/revisions"}],"predecessor-version":[{"id":2040,"href":"https:\/\/ikt.kre.hu\/oktatasinformatika2025\/wp-json\/wp\/v2\/pages\/1902\/revisions\/2040"}],"wp:attachment":[{"href":"https:\/\/ikt.kre.hu\/oktatasinformatika2025\/wp-json\/wp\/v2\/media?parent=1902"}],"curies":[{"name":"wp","href":"https:\/\/api.w.org\/{rel}","templated":true}]}}