{"id":1915,"date":"2025-05-29T13:12:41","date_gmt":"2025-05-29T11:12:41","guid":{"rendered":"https:\/\/ikt.kre.hu\/oktatasinformatika2025\/?page_id=1915"},"modified":"2025-07-21T11:27:02","modified_gmt":"2025-07-21T09:27:02","slug":"molnarne-dr-laszlo-andrea","status":"publish","type":"page","link":"https:\/\/ikt.kre.hu\/oktatasinformatika2025\/molnarne-dr-laszlo-andrea\/","title":{"rendered":"Moln\u00e1rn\u00e9 Dr. L\u00e1szl\u00f3 Andrea"},"content":{"rendered":"\n<div class=\"wp-block-group alignfull has-global-padding is-layout-constrained wp-block-group-is-layout-constrained has-background\" style=\"padding-top:var(--wp--preset--spacing--20);padding-bottom:var(--wp--preset--spacing--20);box-shadow:var(--wp--preset--shadow--natural);background-image:url(&apos;https:\/\/ikt.kre.hu\/oktatasinformatika2025\/wp-content\/uploads\/2025\/05\/tengrai_image_1748103220_9365704.png&apos;);background-size:cover;\">\n<div class=\"wp-block-columns glass2 is-layout-flex wp-container-core-columns-is-layout-0d2466c3 wp-block-columns-is-layout-flex\" style=\"padding-top:var(--wp--preset--spacing--20);padding-right:var(--wp--preset--spacing--20);padding-bottom:var(--wp--preset--spacing--20);padding-left:var(--wp--preset--spacing--20)\">\n<div class=\"wp-block-column is-layout-flow wp-block-column-is-layout-flow\">\n<figure class=\"wp-block-image aligncenter size-large is-resized\"><img loading=\"lazy\" decoding=\"async\" width=\"1024\" height=\"1024\" src=\"https:\/\/ikt.kre.hu\/oktatasinformatika2025\/wp-content\/uploads\/2025\/05\/23-1024x1024.png\" alt=\"\" class=\"wp-image-1814\" style=\"width:267px\" srcset=\"https:\/\/ikt.kre.hu\/oktatasinformatika2025\/wp-content\/uploads\/2025\/05\/23-1024x1024.png 1024w, https:\/\/ikt.kre.hu\/oktatasinformatika2025\/wp-content\/uploads\/2025\/05\/23-300x300.png 300w, https:\/\/ikt.kre.hu\/oktatasinformatika2025\/wp-content\/uploads\/2025\/05\/23-150x150.png 150w, https:\/\/ikt.kre.hu\/oktatasinformatika2025\/wp-content\/uploads\/2025\/05\/23-768x768.png 768w, https:\/\/ikt.kre.hu\/oktatasinformatika2025\/wp-content\/uploads\/2025\/05\/23-50x50.png 50w, https:\/\/ikt.kre.hu\/oktatasinformatika2025\/wp-content\/uploads\/2025\/05\/23-1600x1600.png 1600w, https:\/\/ikt.kre.hu\/oktatasinformatika2025\/wp-content\/uploads\/2025\/05\/23-1536x1536.png 1536w, https:\/\/ikt.kre.hu\/oktatasinformatika2025\/wp-content\/uploads\/2025\/05\/23-2048x2048.png 2048w\" sizes=\"auto, (max-width: 1024px) 100vw, 1024px\" \/><\/figure>\n<\/div>\n\n\n\n<div class=\"wp-block-column is-vertically-aligned-center is-layout-flow wp-block-column-is-layout-flow\">\n<p class=\"has-text-align-center\"><strong><strong>Moln\u00e1rn\u00e9 Dr. L\u00e1szl\u00f3 Andrea<\/strong><\/strong><br><strong>(Online)<\/strong><\/p>\n\n\n\n<div class=\"wp-block-group has-global-padding is-content-justification-center is-layout-constrained wp-block-group-is-layout-constrained\">\n<div class=\"wp-block-columns are-vertically-aligned-center is-layout-flex wp-container-core-columns-is-layout-28f84493 wp-block-columns-is-layout-flex\">\n<div class=\"wp-block-column is-vertically-aligned-center has-global-padding is-content-justification-center is-layout-constrained wp-block-column-is-layout-constrained\">\n<ul class=\"wp-block-social-links has-icon-color is-style-logos-only is-content-justification-center is-layout-flex wp-container-core-social-links-is-layout-c124d1c4 wp-block-social-links-is-layout-flex\"><li style=\"color:#000000;\" class=\"wp-social-link wp-social-link-linkedin has-theme-5-color wp-block-social-link\"><a href=\"https:\/\/www.linkedin.com\/in\/moln%C3%A1rn%C3%A9-dr-l%C3%A1szl%C3%B3-andrea-b377126b\/\" class=\"wp-block-social-link-anchor\"><svg width=\"24\" height=\"24\" viewBox=\"0 0 24 24\" version=\"1.1\" xmlns=\"http:\/\/www.w3.org\/2000\/svg\" aria-hidden=\"true\" focusable=\"false\"><path d=\"M19.7,3H4.3C3.582,3,3,3.582,3,4.3v15.4C3,20.418,3.582,21,4.3,21h15.4c0.718,0,1.3-0.582,1.3-1.3V4.3 C21,3.582,20.418,3,19.7,3z M8.339,18.338H5.667v-8.59h2.672V18.338z M7.004,8.574c-0.857,0-1.549-0.694-1.549-1.548 c0-0.855,0.691-1.548,1.549-1.548c0.854,0,1.547,0.694,1.547,1.548C8.551,7.881,7.858,8.574,7.004,8.574z M18.339,18.338h-2.669 v-4.177c0-0.996-0.017-2.278-1.387-2.278c-1.389,0-1.601,1.086-1.601,2.206v4.249h-2.667v-8.59h2.559v1.174h0.037 c0.356-0.675,1.227-1.387,2.526-1.387c2.703,0,3.203,1.779,3.203,4.092V18.338z\"><\/path><\/svg><span class=\"wp-block-social-link-label screen-reader-text\">LinkedIn<\/span><\/a><\/li><\/ul>\n<\/div>\n\n\n\n<div class=\"wp-block-column is-vertically-aligned-center has-global-padding is-content-justification-center is-layout-constrained wp-block-column-is-layout-constrained\">\n<figure class=\"wp-block-image aligncenter size-full is-resized\"><img loading=\"lazy\" decoding=\"async\" width=\"500\" height=\"300\" src=\"https:\/\/ikt.kre.hu\/oktatasinformatika2025\/wp-content\/uploads\/2025\/05\/cropped-nmm_logo_web.png\" alt=\"\" class=\"wp-image-1916\" style=\"width:67px;height:auto\" srcset=\"https:\/\/ikt.kre.hu\/oktatasinformatika2025\/wp-content\/uploads\/2025\/05\/cropped-nmm_logo_web.png 500w, https:\/\/ikt.kre.hu\/oktatasinformatika2025\/wp-content\/uploads\/2025\/05\/cropped-nmm_logo_web-300x180.png 300w, https:\/\/ikt.kre.hu\/oktatasinformatika2025\/wp-content\/uploads\/2025\/05\/cropped-nmm_logo_web-50x30.png 50w\" sizes=\"auto, (max-width: 500px) 100vw, 500px\" \/><\/figure>\n<\/div>\n<\/div>\n<\/div>\n<\/div>\n<\/div>\n<\/div>\n\n\n\n<div class=\"wp-block-group alignwide is-layout-flow wp-block-group-is-layout-flow\">\n<p style=\"font-size:clamp(14px, 0.875rem + ((1vw - 3.2px) * 0.536), 20px);\"><strong>C\u00edm:<\/strong> <strong>Oktat\u00f3 az AI kor\u00e1ban; AI-proof sz\u00e1monk\u00e9r\u00e9si megold\u00e1sok\u00a0\u00a0<\/strong><\/p>\n\n\n\n<p style=\"font-size:clamp(14px, 0.875rem + ((1vw - 3.2px) * 0.536), 20px);\"><strong><strong>Absztrakt:<\/strong><\/strong><\/p>\n\n\n\n<p>Mit\u0151l lesz ma egy tanul\u00e1si feladat val\u00f3ban \u00e9rt\u00e9kes? Hogyan teremthet\u00fcnk olyan tanul\u00e1si helyzeteket, ahol a di\u00e1kok gondolkodnak, d\u00f6nt\u00e9seket hoznak, \u00e9s nem csup\u00e1n \u201eChatGPT-t haszn\u00e1lnak okosan\u201d? A workshop c\u00e9lja, hogy a r\u00e9sztvev\u0151k k\u00f6z\u00f6sen \u00fajradefini\u00e1lj\u00e1k a tan\u00edt\u00e1s \u00e9s tanul\u00e1s alapjait a mesters\u00e9ges intelligencia kor\u00e1ban. A h\u00e1rom, egym\u00e1sra \u00e9p\u00fcl\u0151 blokk sor\u00e1n el\u0151sz\u00f6r a tan\u00e1ri szerep \u00e1talakul\u00e1s\u00e1t vizsg\u00e1ljuk meg \u2013 hogyan v\u00e1lik a tan\u00e1r kur\u00e1torr\u00e1, gondolkod\u00e1sform\u00e1l\u00f3v\u00e1, kompetencia\u00e9p\u00edt\u0151v\u00e9. Ezut\u00e1n konkr\u00e9t, m\u0171k\u00f6d\u0151 p\u00e9ld\u00e1kon kereszt\u00fcl gy\u0171jtj\u00fck \u00f6ssze, mik\u00e9nt lehet az MI-t tudatosan be\u00e9p\u00edteni egy-egy feladatba, illetve hogyan tervezhet\u00fcnk \u00fagynevezett MI-\u00e1ll\u00f3 feladatokat, amelyeket a di\u00e1kok csak saj\u00e1t gondolkod\u00e1suk, tapasztalatuk vagy kreativit\u00e1suk r\u00e9v\u00e9n tudnak megoldani. A z\u00e1r\u00f3 r\u00e9szben minden r\u00e9sztvev\u0151 saj\u00e1t tananyagra szabott feladatokat alkot, megoszt, \u00e1tdolgoz \u2013 \u00e9s k\u00f6zben \u00fajragondolja saj\u00e1t pedag\u00f3giai gyakorlat\u00e1t is.&nbsp;<\/p>\n<\/div>\n","protected":false},"excerpt":{"rendered":"<p>Moln\u00e1rn\u00e9 Dr. L\u00e1szl\u00f3 Andrea(Online) C\u00edm: Oktat\u00f3 az AI kor\u00e1ban; AI-proof sz\u00e1monk\u00e9r\u00e9si megold\u00e1sok\u00a0\u00a0 Absztrakt: Mit\u0151l lesz ma egy tanul\u00e1si feladat val\u00f3ban \u00e9rt\u00e9kes? Hogyan teremthet\u00fcnk olyan tanul\u00e1si helyzeteket, ahol a di\u00e1kok gondolkodnak, d\u00f6nt\u00e9seket hoznak, \u00e9s nem csup\u00e1n \u201eChatGPT-t haszn\u00e1lnak okosan\u201d? A workshop c\u00e9lja, hogy a r\u00e9sztvev\u0151k k\u00f6z\u00f6sen \u00fajradefini\u00e1lj\u00e1k a tan\u00edt\u00e1s \u00e9s tanul\u00e1s alapjait a mesters\u00e9ges intelligencia kor\u00e1ban. [&hellip;]<\/p>\n","protected":false},"author":1,"featured_media":0,"parent":0,"menu_order":0,"comment_status":"closed","ping_status":"closed","template":"","meta":{"iawp_total_views":86,"footnotes":""},"class_list":["post-1915","page","type-page","status-publish","hentry"],"_links":{"self":[{"href":"https:\/\/ikt.kre.hu\/oktatasinformatika2025\/wp-json\/wp\/v2\/pages\/1915","targetHints":{"allow":["GET"]}}],"collection":[{"href":"https:\/\/ikt.kre.hu\/oktatasinformatika2025\/wp-json\/wp\/v2\/pages"}],"about":[{"href":"https:\/\/ikt.kre.hu\/oktatasinformatika2025\/wp-json\/wp\/v2\/types\/page"}],"author":[{"embeddable":true,"href":"https:\/\/ikt.kre.hu\/oktatasinformatika2025\/wp-json\/wp\/v2\/users\/1"}],"replies":[{"embeddable":true,"href":"https:\/\/ikt.kre.hu\/oktatasinformatika2025\/wp-json\/wp\/v2\/comments?post=1915"}],"version-history":[{"count":4,"href":"https:\/\/ikt.kre.hu\/oktatasinformatika2025\/wp-json\/wp\/v2\/pages\/1915\/revisions"}],"predecessor-version":[{"id":2039,"href":"https:\/\/ikt.kre.hu\/oktatasinformatika2025\/wp-json\/wp\/v2\/pages\/1915\/revisions\/2039"}],"wp:attachment":[{"href":"https:\/\/ikt.kre.hu\/oktatasinformatika2025\/wp-json\/wp\/v2\/media?parent=1915"}],"curies":[{"name":"wp","href":"https:\/\/api.w.org\/{rel}","templated":true}]}}