{"id":1937,"date":"2025-06-05T09:03:14","date_gmt":"2025-06-05T07:03:14","guid":{"rendered":"https:\/\/ikt.kre.hu\/oktatasinformatika2025\/?page_id=1937"},"modified":"2025-07-21T11:28:11","modified_gmt":"2025-07-21T09:28:11","slug":"toth-kata","status":"publish","type":"page","link":"https:\/\/ikt.kre.hu\/oktatasinformatika2025\/toth-kata\/","title":{"rendered":"T\u00f3th Kata"},"content":{"rendered":"\n<div class=\"wp-block-group alignfull has-global-padding is-layout-constrained wp-block-group-is-layout-constrained has-background\" style=\"padding-top:var(--wp--preset--spacing--20);padding-bottom:var(--wp--preset--spacing--20);box-shadow:var(--wp--preset--shadow--natural);background-image:url(&apos;https:\/\/ikt.kre.hu\/oktatasinformatika2025\/wp-content\/uploads\/2025\/05\/tengrai_image_1748103220_9365704.png&apos;);background-size:cover;\">\n<div class=\"wp-block-columns glass2 is-layout-flex wp-container-core-columns-is-layout-0d2466c3 wp-block-columns-is-layout-flex\" style=\"padding-top:var(--wp--preset--spacing--20);padding-right:var(--wp--preset--spacing--20);padding-bottom:var(--wp--preset--spacing--20);padding-left:var(--wp--preset--spacing--20)\">\n<div class=\"wp-block-column is-layout-flow wp-block-column-is-layout-flow\">\n<figure class=\"wp-block-image aligncenter size-large is-resized\"><img loading=\"lazy\" decoding=\"async\" width=\"1024\" height=\"1024\" src=\"https:\/\/ikt.kre.hu\/oktatasinformatika2025\/wp-content\/uploads\/2025\/05\/Oktatasinformatika-a-felsooktatasban-VI.-designtervek-3-1024x1024.png\" alt=\"\" class=\"wp-image-1846\" style=\"width:267px\" srcset=\"https:\/\/ikt.kre.hu\/oktatasinformatika2025\/wp-content\/uploads\/2025\/05\/Oktatasinformatika-a-felsooktatasban-VI.-designtervek-3-1024x1024.png 1024w, https:\/\/ikt.kre.hu\/oktatasinformatika2025\/wp-content\/uploads\/2025\/05\/Oktatasinformatika-a-felsooktatasban-VI.-designtervek-3-300x300.png 300w, https:\/\/ikt.kre.hu\/oktatasinformatika2025\/wp-content\/uploads\/2025\/05\/Oktatasinformatika-a-felsooktatasban-VI.-designtervek-3-150x150.png 150w, https:\/\/ikt.kre.hu\/oktatasinformatika2025\/wp-content\/uploads\/2025\/05\/Oktatasinformatika-a-felsooktatasban-VI.-designtervek-3-768x768.png 768w, https:\/\/ikt.kre.hu\/oktatasinformatika2025\/wp-content\/uploads\/2025\/05\/Oktatasinformatika-a-felsooktatasban-VI.-designtervek-3-50x50.png 50w, https:\/\/ikt.kre.hu\/oktatasinformatika2025\/wp-content\/uploads\/2025\/05\/Oktatasinformatika-a-felsooktatasban-VI.-designtervek-3.png 1476w\" sizes=\"auto, (max-width: 1024px) 100vw, 1024px\" \/><\/figure>\n<\/div>\n\n\n\n<div class=\"wp-block-column is-vertically-aligned-center is-layout-flow wp-block-column-is-layout-flow\">\n<p class=\"has-text-align-center has-medium-font-size\"><strong>T\u00f3th Kata<\/strong><\/p>\n\n\n\n<div class=\"wp-block-group has-global-padding is-content-justification-center is-layout-constrained wp-block-group-is-layout-constrained\">\n<div class=\"wp-block-columns are-vertically-aligned-center is-layout-flex wp-container-core-columns-is-layout-28f84493 wp-block-columns-is-layout-flex\">\n<div class=\"wp-block-column is-vertically-aligned-center has-global-padding is-content-justification-center is-layout-constrained wp-block-column-is-layout-constrained\">\n<figure class=\"wp-block-image aligncenter size-large is-resized\"><a href=\"https:\/\/uni-bge.hu\/hu\/munkatarsak\/toth-kata--814\"><img loading=\"lazy\" decoding=\"async\" width=\"848\" height=\"1024\" src=\"https:\/\/ikt.kre.hu\/oktatasinformatika2025\/wp-content\/uploads\/2025\/06\/BGE-Budapesti-Gazdasagi-Egyetem-848x1024.png\" alt=\"\" class=\"wp-image-1938\" style=\"width:39px;height:auto\" srcset=\"https:\/\/ikt.kre.hu\/oktatasinformatika2025\/wp-content\/uploads\/2025\/06\/BGE-Budapesti-Gazdasagi-Egyetem-848x1024.png 848w, https:\/\/ikt.kre.hu\/oktatasinformatika2025\/wp-content\/uploads\/2025\/06\/BGE-Budapesti-Gazdasagi-Egyetem-249x300.png 249w, https:\/\/ikt.kre.hu\/oktatasinformatika2025\/wp-content\/uploads\/2025\/06\/BGE-Budapesti-Gazdasagi-Egyetem-768x927.png 768w, https:\/\/ikt.kre.hu\/oktatasinformatika2025\/wp-content\/uploads\/2025\/06\/BGE-Budapesti-Gazdasagi-Egyetem-50x60.png 50w, https:\/\/ikt.kre.hu\/oktatasinformatika2025\/wp-content\/uploads\/2025\/06\/BGE-Budapesti-Gazdasagi-Egyetem-1600x1931.png 1600w, https:\/\/ikt.kre.hu\/oktatasinformatika2025\/wp-content\/uploads\/2025\/06\/BGE-Budapesti-Gazdasagi-Egyetem-1273x1536.png 1273w, https:\/\/ikt.kre.hu\/oktatasinformatika2025\/wp-content\/uploads\/2025\/06\/BGE-Budapesti-Gazdasagi-Egyetem-1697x2048.png 1697w, https:\/\/ikt.kre.hu\/oktatasinformatika2025\/wp-content\/uploads\/2025\/06\/BGE-Budapesti-Gazdasagi-Egyetem.png 1700w\" sizes=\"auto, (max-width: 848px) 100vw, 848px\" \/><\/a><\/figure>\n<\/div>\n<\/div>\n<\/div>\n<\/div>\n<\/div>\n<\/div>\n\n\n\n<div class=\"wp-block-group alignwide is-layout-flow wp-block-group-is-layout-flow\">\n<p style=\"font-size:clamp(14px, 0.875rem + ((1vw - 3.2px) * 0.536), 20px);\"><strong>C\u00edm:<\/strong> <strong>&#8222;Megszel\u00edd\u00edteni a megszel\u00edd\u00edthetetlent&#8221; &#8211; avagy MI-t elker\u00fcl\u0151 kreat\u00edv, kompetenciafejleszt\u00e9si lehet\u0151s\u00e9get biztos\u00edt\u00f3 hallgat\u00f3i feladatok<\/strong><\/p>\n\n\n\n<p style=\"font-size:clamp(14px, 0.875rem + ((1vw - 3.2px) * 0.536), 20px);\"><strong>Absztrakt:<\/strong><\/p>\n\n\n\n<p>A megemelkedett kurzusszint\u0171 csoportl\u00e9tsz\u00e1mok, a hallgat\u00f3i motiv\u00e1ci\u00f3ban megfigyelhet\u0151 v\u00e1ltoz\u00e1sok \u00e9s a mesters\u00e9ges intelligencia hallgat\u00f3i haszn\u00e1lat\u00e1nak er\u0151s\u00f6d\u00e9se m\u00f3dszertani meg\u00fajul\u00e1st tesznek sz\u00fcks\u00e9gess\u00e9 a fels\u0151oktat\u00e1sban. A hallgat\u00f3i aktivit\u00e1son alapul\u00f3 oktat\u00e1s elk\u00e9pzelhetetlen j\u00f3 min\u0151s\u00e9g\u0171 feladatok n\u00e9lk\u00fcl, melyek \u00f6ssze\u00e1ll\u00edt\u00e1sa komoly terhet \u00e9s felel\u0151ss\u00e9get r\u00f3 az oktat\u00f3kra. A c\u00e9l, hogy a hallgat\u00f3k olyan tev\u00e9kenys\u00e9ggel oldjanak meg tant\u00e1rgyi ismeretekhez kapcsol\u00f3d\u00f3 feladatot, amivel szeretnek foglalkozni \u00e9s \u00faj kih\u00edv\u00e1sk\u00e9nt a saj\u00e1t teljes\u00edtm\u00e9ny el\u00e9r\u00e9s\u00e9re \u00f6szt\u00f6nzi \u0151ket. A workshopon gyakorlati p\u00e9ld\u00e1kon kereszt\u00fcl keress\u00fck a megold\u00e1st egy\u00fctt arra, hogy a kreat\u00edv hallgat\u00f3i feladatokon kereszt\u00fcl, hogyan \u00f6szt\u00f6n\u00f6zhet\u0151 saj\u00e1t teljes\u00edtm\u00e9nyre a hallgat\u00f3. De mit is fogunk csin\u00e1lni egy\u00fctt? H\u00e1t, gondolkodunk \u00e9s abbahagyjuk, gy\u0171jt\u00f6get\u00fcnk \u00e9s elengedj\u00fck, rad\u00edrozunk \u00e9s \u00fajra \u00edrunk, sz\u00f3val nem lesz lazs\u00e1l\u00e1s. Ha akt\u00edvan szeretn\u00e9d z\u00e1rni a szakmai napot, akkor csatlakozz hozz\u00e1nk \u00e9s \u00f6tletelj\u00fcnk egy\u00fctt!<\/p>\n<\/div>\n","protected":false},"excerpt":{"rendered":"<p>T\u00f3th Kata C\u00edm: &#8222;Megszel\u00edd\u00edteni a megszel\u00edd\u00edthetetlent&#8221; &#8211; avagy MI-t elker\u00fcl\u0151 kreat\u00edv, kompetenciafejleszt\u00e9si lehet\u0151s\u00e9get biztos\u00edt\u00f3 hallgat\u00f3i feladatok Absztrakt: A megemelkedett kurzusszint\u0171 csoportl\u00e9tsz\u00e1mok, a hallgat\u00f3i motiv\u00e1ci\u00f3ban megfigyelhet\u0151 v\u00e1ltoz\u00e1sok \u00e9s a mesters\u00e9ges intelligencia hallgat\u00f3i haszn\u00e1lat\u00e1nak er\u0151s\u00f6d\u00e9se m\u00f3dszertani meg\u00fajul\u00e1st tesznek sz\u00fcks\u00e9gess\u00e9 a fels\u0151oktat\u00e1sban. A hallgat\u00f3i aktivit\u00e1son alapul\u00f3 oktat\u00e1s elk\u00e9pzelhetetlen j\u00f3 min\u0151s\u00e9g\u0171 feladatok n\u00e9lk\u00fcl, melyek \u00f6ssze\u00e1ll\u00edt\u00e1sa komoly terhet \u00e9s felel\u0151ss\u00e9get [&hellip;]<\/p>\n","protected":false},"author":1,"featured_media":0,"parent":0,"menu_order":0,"comment_status":"closed","ping_status":"closed","template":"","meta":{"iawp_total_views":33,"footnotes":""},"class_list":["post-1937","page","type-page","status-publish","hentry"],"_links":{"self":[{"href":"https:\/\/ikt.kre.hu\/oktatasinformatika2025\/wp-json\/wp\/v2\/pages\/1937","targetHints":{"allow":["GET"]}}],"collection":[{"href":"https:\/\/ikt.kre.hu\/oktatasinformatika2025\/wp-json\/wp\/v2\/pages"}],"about":[{"href":"https:\/\/ikt.kre.hu\/oktatasinformatika2025\/wp-json\/wp\/v2\/types\/page"}],"author":[{"embeddable":true,"href":"https:\/\/ikt.kre.hu\/oktatasinformatika2025\/wp-json\/wp\/v2\/users\/1"}],"replies":[{"embeddable":true,"href":"https:\/\/ikt.kre.hu\/oktatasinformatika2025\/wp-json\/wp\/v2\/comments?post=1937"}],"version-history":[{"count":2,"href":"https:\/\/ikt.kre.hu\/oktatasinformatika2025\/wp-json\/wp\/v2\/pages\/1937\/revisions"}],"predecessor-version":[{"id":2041,"href":"https:\/\/ikt.kre.hu\/oktatasinformatika2025\/wp-json\/wp\/v2\/pages\/1937\/revisions\/2041"}],"wp:attachment":[{"href":"https:\/\/ikt.kre.hu\/oktatasinformatika2025\/wp-json\/wp\/v2\/media?parent=1937"}],"curies":[{"name":"wp","href":"https:\/\/api.w.org\/{rel}","templated":true}]}}