{"id":589,"date":"2024-06-05T18:10:11","date_gmt":"2024-06-05T15:10:11","guid":{"rendered":"https:\/\/iktkre.wordpress.com\/blog\/"},"modified":"2025-10-18T07:05:02","modified_gmt":"2025-10-18T05:05:02","slug":"program","status":"publish","type":"page","link":"https:\/\/ikt.kre.hu\/oktatasinformatika2025\/program\/","title":{"rendered":"Program"},"content":{"rendered":"\n<figure class=\"wp-block-image size-large\"><img loading=\"lazy\" decoding=\"async\" width=\"1024\" height=\"724\" src=\"https:\/\/ikt.kre.hu\/oktatasinformatika2025\/wp-content\/uploads\/2025\/10\/5-1024x724.jpg\" alt=\"\" class=\"wp-image-2147\" srcset=\"https:\/\/ikt.kre.hu\/oktatasinformatika2025\/wp-content\/uploads\/2025\/10\/5-1024x724.jpg 1024w, https:\/\/ikt.kre.hu\/oktatasinformatika2025\/wp-content\/uploads\/2025\/10\/5-300x212.jpg 300w, https:\/\/ikt.kre.hu\/oktatasinformatika2025\/wp-content\/uploads\/2025\/10\/5-768x543.jpg 768w, https:\/\/ikt.kre.hu\/oktatasinformatika2025\/wp-content\/uploads\/2025\/10\/5-50x35.jpg 50w, https:\/\/ikt.kre.hu\/oktatasinformatika2025\/wp-content\/uploads\/2025\/10\/5-1600x1131.jpg 1600w, https:\/\/ikt.kre.hu\/oktatasinformatika2025\/wp-content\/uploads\/2025\/10\/5-1536x1086.jpg 1536w, https:\/\/ikt.kre.hu\/oktatasinformatika2025\/wp-content\/uploads\/2025\/10\/5-2048x1448.jpg 2048w\" sizes=\"auto, (max-width: 1024px) 100vw, 1024px\" \/><\/figure>\n\n\n\n<figure class=\"wp-block-image size-large\"><img loading=\"lazy\" decoding=\"async\" width=\"1024\" height=\"724\" src=\"https:\/\/ikt.kre.hu\/oktatasinformatika2025\/wp-content\/uploads\/2025\/10\/4-1024x724.jpg\" alt=\"\" class=\"wp-image-2146\" srcset=\"https:\/\/ikt.kre.hu\/oktatasinformatika2025\/wp-content\/uploads\/2025\/10\/4-1024x724.jpg 1024w, https:\/\/ikt.kre.hu\/oktatasinformatika2025\/wp-content\/uploads\/2025\/10\/4-300x212.jpg 300w, https:\/\/ikt.kre.hu\/oktatasinformatika2025\/wp-content\/uploads\/2025\/10\/4-768x543.jpg 768w, https:\/\/ikt.kre.hu\/oktatasinformatika2025\/wp-content\/uploads\/2025\/10\/4-50x35.jpg 50w, https:\/\/ikt.kre.hu\/oktatasinformatika2025\/wp-content\/uploads\/2025\/10\/4-1600x1131.jpg 1600w, https:\/\/ikt.kre.hu\/oktatasinformatika2025\/wp-content\/uploads\/2025\/10\/4-1536x1086.jpg 1536w, https:\/\/ikt.kre.hu\/oktatasinformatika2025\/wp-content\/uploads\/2025\/10\/4-2048x1448.jpg 2048w\" sizes=\"auto, (max-width: 1024px) 100vw, 1024px\" \/><\/figure>\n\n\n\n<figure class=\"wp-block-table\"><table class=\"has-theme-5-color has-text-color has-link-color has-fixed-layout\"><tbody><tr><td>08:00-09:00&nbsp;&nbsp;<\/td><td><strong>Regisztr\u00e1ci\u00f3 <\/strong>(Ki\u00e1ll\u00edt\u00f3t\u00e9r)&nbsp;<\/td><td><strong>Ki\u00e1ll\u00edt\u00f3i standok l\u00e1togat\u00e1sa <\/strong>(Ki\u00e1ll\u00edt\u00f3t\u00e9r)&nbsp;<\/td><\/tr><tr><td>09:00-09:15&nbsp;&nbsp;<strong>online k\u00f6zvet\u00edt\u00e9s<\/strong><\/td><td colspan=\"2\"><strong>Megnyit\u00f3 <\/strong>(Nagyel\u0151ad\u00f3) <br><strong>Dr. Szontagh P\u00e1l<\/strong>&nbsp;(KRE Pedag\u00f3gusk\u00e9pz\u0151 K\u00f6zpont, f\u0151igazgat\u00f3)<br><strong>Dr. Dring\u00f3-Horv\u00e1th Ida<\/strong> (KRE IKT Kutat\u00f3k\u00f6zpont \/ BTK OTK, K\u00f6zpontvezet\u0151)&nbsp;&nbsp;&nbsp;<\/td><\/tr><tr><td>09:15-09:40&nbsp;&nbsp;<strong>online k\u00f6zvet\u00edt\u00e9s<\/strong><\/td><td colspan=\"2\"><strong><a href=\"https:\/\/ikt.kre.hu\/oktatasinformatika2025\/dr-habil-dringo-horvath-ida\/\">Dr. Dring\u00f3-Horv\u00e1th Ida<\/a><\/strong> (k\u00f6zpontvezet\u0151, IKT Kutat\u00f3k\u00f6zpont \/ OTK BTK, KRE):&nbsp;&nbsp;<br>Szab\u00e1lyozni a szab\u00e1lyozhatatlant? MI \u00fatmutat\u00f3k a hazai fels\u0151oktat\u00e1sban&nbsp;+ Q&amp;A&nbsp;&nbsp;&nbsp;<\/td><\/tr><tr><td>09:40-10:05&nbsp;&nbsp;<strong>online k\u00f6zvet\u00edt\u00e9s<\/strong><\/td><td colspan=\"2\"><a href=\"https:\/\/ikt.kre.hu\/oktatasinformatika2025\/dr-papp-danka-adrienn\/\"><strong>Dr. Papp-Danka Adrienn<\/strong> <\/a>(irodavezet\u0151, K\u00e9pz\u00e9sfejleszt\u00e9si Iroda, BGE):<br>\u201eH\u00e1rman p\u00e1rban\u201d \u2013 Oktat\u00f3k,&nbsp;m\u00f3dszertani szak\u00e9rt\u0151k \u00e9s szakmai partnerek hat\u00e9kony egy\u00fcttm\u0171k\u00f6d\u00e9se a hallgat\u00f3i digit\u00e1liskompetencia-fejleszt\u00e9sben<br>+ Q&amp;A&nbsp;<\/td><\/tr><tr><td>10:05-10:20&nbsp;&nbsp;<strong>online k\u00f6zvet\u00edt\u00e9s<\/strong><\/td><td colspan=\"2\">Program-inputok:<br>interakt\u00edv k\u00f6nyvbemutat\u00f3 \u00e9s szekci\u00f3form\u00e1tumok bemutat\u00e1sa<br>ki\u00e1ll\u00edt\u00f3standok bemutat\u00e1sa&nbsp;&nbsp;&nbsp;<\/td><\/tr><tr><td>10:20-10:45&nbsp;<\/td><td><b>Interakt\u00edv k\u00f6nyvbemutat\u00f3 fejezet\u00e1llom\u00e1sokkal (<\/b><strong style=\"font-weight: bold;\">online k\u00f6zvet\u00edt\u00e9s<\/strong>)<strong>: <\/strong><br>&#8222;Oktat\u00e1sinformatika a fels\u0151oktat\u00e1sban &#8211; Pedag\u00f3gi<strong>AI<\/strong>&nbsp;kieg\u00e9sz\u00edt\u00e9s&#8221; (Alagsor)<\/td><td><strong>Ki\u00e1ll\u00edt\u00f3i standok l\u00e1togat\u00e1sa <\/strong>(Ki\u00e1ll\u00edt\u00f3t\u00e9r)&nbsp;<\/td><\/tr><tr><td>10:45-11:15&nbsp;<\/td><td colspan=\"2\"><strong>K\u00e1v\u00e9sz\u00fcnet <\/strong>(Ki\u00e1ll\u00edt\u00f3t\u00e9r)&nbsp;<\/td><\/tr><tr><td>11:15-12:30&nbsp;<strong>online k\u00f6zvet\u00edt\u00e9s E szekci\u00f3<\/strong><\/td><td colspan=\"2\"><strong><a href=\"https:\/\/ikt.kre.hu\/oktatasinformatika2025\/input\/\">Input-el\u0151ad\u00e1sok absztrakjai<\/a>: 5-8 perc t\u00e9mafelvet\u00e9s + 20 perc diszkusszi\u00f3&nbsp;<\/strong>&nbsp;<br><strong>A szekci\u00f3: L\u00e9n\u00e1rt Krisztina-Dr. Dorner Helga:<\/strong> \u00c9rt\u00e9kel\u00e9s \u00fajrat\u00f6ltve \u2013 Az oktat\u00f3i digit\u00e1lis kompetencia alakul\u00e1sa a mesters\u00e9ges intelligencia kor\u00e1ban; <strong>Dr. Balogh Anik\u00f3:<\/strong> MI a fels\u0151oktat\u00e1sban: Mit tanulunk a hallgat\u00f3kt\u00f3l \u00e9s mit tan\u00edtunk az oktat\u00f3knak?<br><strong>B szekci\u00f3: Benc\u00e9n\u00e9 dr. Fekete Anik\u00f3 Andrea:<\/strong> Betilthat\u00f3-e az AI alkalmaz\u00e1sa a pedag\u00f3gusk\u00e9pz\u00e9sben?; <strong>Dr. Horv\u00e1th L\u00e1szl\u00f3:<\/strong> Pedag\u00f3giai t\u00fck\u00f6r egy g\u00e9pi partnerrel: d\u00f6nt\u00e9si szimul\u00e1ci\u00f3k az \u00e9rt\u00e9kel\u00e9si gyakorlat \u00fajratervez\u00e9s\u00e9hez<br><strong>C szekci\u00f3: dr. Gy\u00f6ngy Kinga, dr. S\u00e1ndor M\u00f3nika, Hoffmann Tam\u00e1s, dr.Serf\u0151z\u0151 M\u00f3nika:<\/strong> Mennyire hihet\u00fcnk saj\u00e1t \u00e9rt\u00e9kel\u00e9seinknek?; <strong>Dr. Acz\u00e9l-Partos Adrienn:<\/strong> Mi lesz veled, szakdolgozat? Az MI \u00e9s az akad\u00e9miai integrit\u00e1s j\u00f6v\u0151je<br><strong>D szekci\u00f3: Chogyelk\u00e1n\u00e9 Bab\u00f3csy Ildik\u00f3:<\/strong> Hajlik vagy t\u00f6rik?; <strong>Dr. Dring\u00f3-Horv\u00e1th Ida<\/strong>, <strong>Sebesty\u00e9n Lilla Anna<\/strong>: MI-m\u0171velts\u00e9g mint konfliktusforr\u00e1s? <br><strong>E szekci\u00f3: <strong>Dr. T. Nagy Judit<\/strong> &#8211; Dr. Drjenovszky Zs\u00f3fia &#8211; Kov\u00e1csn\u00e9 Heged\u0171s D\u00f3ra &#8211; <strong>Dr. Dring\u00f3-Horv\u00e1th Ida<\/strong>: <\/strong>MI\u2013attit\u0171d: f\u00e9lelem \u00e9s felel\u0151ss\u00e9g az egyetemi oktat\u00e1sban; <strong>Oll\u00e9 J\u00e1nos, Matl\u00e1ri Andrea, Kov\u00e1cs M\u00e1rk: <\/strong>M\u00f3dszertan \u00e9s \u00e9rt\u00e9kel\u00e9s j\u00f3 gyakorlat az e-learning fejleszt\u0151 szakir\u00e1ny\u00fa tov\u00e1bbk\u00e9pz\u00e9sen<em> <strong>(online k\u00f6zvet\u00edtve)<\/strong><\/em><br><strong>F szekci\u00f3: Dr. Nagy R\u00f3bert:<\/strong> M\u0171velts\u00e9geszm\u00e9ny a dehumaniz\u00e1lt gondolkod\u00e1s kor\u00e1ban; <strong>K\u00f6rmendy Zsolt PhD<\/strong>.: Zenetan\u00e1rra mindig sz\u00fcks\u00e9g lesz(?) &#8211; M\u00e9rni a m\u00e9rhetetlent<\/td><\/tr><tr><td>12:30-13:00&nbsp;<\/td><td><strong>Interakt\u00edv k\u00f6nyvbemutat\u00f3 fejezet\u00e1llom\u00e1sokkal: <\/strong>&#8222;Oktat\u00e1sinformatika a fels\u0151oktat\u00e1sban &#8211; Pedag\u00f3gi<strong>AI<\/strong>&nbsp;kieg\u00e9sz\u00edt\u00e9s&#8221; (Alagsor)<\/td><td><strong>Ki\u00e1ll\u00edt\u00f3i standok l\u00e1togat\u00e1sa <\/strong>(Ki\u00e1ll\u00edt\u00f3t\u00e9r)&nbsp;<\/td><\/tr><tr><td>13:00-14:00&nbsp;<\/td><td><strong>Eb\u00e9d<\/strong>&nbsp; (Ki\u00e1ll\u00edt\u00f3t\u00e9r)&nbsp;&nbsp;<\/td><td><strong>Ki\u00e1ll\u00edt\u00f3i standok l\u00e1togat\u00e1sa <\/strong>(Ki\u00e1ll\u00edt\u00f3t\u00e9r)&nbsp;<\/td><\/tr><tr><td>14:00-14:30&nbsp;<strong>online k\u00f6zvet\u00edt\u00e9s E szekci\u00f3<\/strong><\/td><td colspan=\"2\"><a href=\"https:\/\/ikt.kre.hu\/oktatasinformatika2025\/digitalis-poszter\/\"><strong>Interakt\u00edv poszter-szekci\u00f3: r\u00f6vid bemutat\u00f3 + Q&amp;A<\/strong> <\/a>(Alagsor)&nbsp;<br><strong>A szekci\u00f3: Kov\u00e1cs M\u00e1rk:<\/strong> Mesters\u00e9ges intelligencia eszk\u00f6z\u00f6k a kurzusfejleszt\u00e9sben; <strong>S\u00e1mson R\u00e9ka-Horv\u00e1thn\u00e9 Gyuris\u00e1n Szabina: <\/strong>Hallgat\u00f3i \u00e9s oktat\u00f3i MI-elearning kurzus a K\u00e1rolin<br><strong>B szekci\u00f3: Csipke \u00c1gnes:<\/strong> Mesters\u00e9ges intelligencia az \u00e9rt\u00e9kel\u00e9sben: kih\u00edv\u00e1sok \u00e9s lehet\u0151s\u00e9gek;<strong> Havassy Andr\u00e1s:<\/strong> Szak\u00e9rt\u0151i mozaik csoportalkalmaz\u00e1s l\u00e9trehoz\u00e1sa (programoz\u00e1s) mesters\u00e9ges intelligenci\u00e1val<br><strong>C szekci\u00f3: Kov\u00e1cs G\u00e1bor-Taxner T\u00fcnde:<\/strong> A sokr\u00e9t\u0171s\u00e9g lek\u00e9pez\u00e9se: A szakdolgozatokhoz kapcsol\u00f3d\u00f3 MI-nyilatkozat kidolgoz\u00e1si folyamata az NKE Nemesk\u00fcrty Istv\u00e1n Tan\u00e1rk\u00e9pz\u0151 Kar\u00e1n;<br><strong>Dr. Szontagh P\u00e1l-Dr. J\u00f3zsa Gabriella:<\/strong> F\u00e9lelmek \u00e9s v\u00e9lelmek a mesters\u00e9ges intelligencia haszn\u00e1lat\u00e1val kapcsolatban<br><strong>D szekci\u00f3: Herm\u00e1n Benedek:<\/strong> Napi mikrotanul\u00e1s \u00e9s k\u00f6vetkezetes \u00e9rt\u00e9kel\u00e9s a Voovo-val; <strong>Dr. Moln\u00e1r Istv\u00e1n:<\/strong> Mesters\u00e9ges intelligencia alkalmaz\u00e1sa laborat\u00f3riumi gyakorlat t\u00e1mogat\u00e1s\u00e1ra<br><strong>E szekci\u00f3: Div\u00e9ki Rita: <\/strong>Hallgat\u00f3k felk\u00e9sz\u00edt\u00e9se megoszt\u00f3 t\u00e9m\u00e1kr\u00f3l sz\u00f3l\u00f3 besz\u00e9lget\u00e9sekre a mesters\u00e9ges intelligencia seg\u00edts\u00e9g\u00e9vel; <strong>Dr. Sz\u00e1lkai Kinga:<\/strong> Hogyan ker\u00fcl a MI a t\u00e1rgyal\u00f3asztalra? <strong><em>(online k\u00f6zvet\u00edtve)<\/em><\/strong><\/td><\/tr><tr><td>14:30-15:10&nbsp;<strong>online k\u00f6zvet\u00edt\u00e9s<\/strong><\/td><td colspan=\"2\"><strong>Interakt\u00edv k\u00f6nyvbemutat\u00f3 &#8211; <\/strong>fejezet\u00e1llom\u00e1sok reflexi\u00f3ja, k\u00f6nyvsorsol\u00e1s a kincskeres\u0151 j\u00e1t\u00e9k teljes\u00edt\u0151i k\u00f6z\u00f6tt (I. emelet)<br><strong>Tombola &#8211; Ki\u00e1ll\u00edt\u00f3ink k\u00f6zrem\u0171k\u00f6d\u00e9s\u00e9vel<\/strong><br><strong>Szakmai z\u00e1r\u00e1s <\/strong>(Nagyel\u0151ad\u00f3)<\/td><\/tr><tr><td>15:10-15:30&nbsp;<\/td><td colspan=\"2\"><strong>K\u00e1v\u00e9sz\u00fcnet <\/strong>(Ki\u00e1ll\u00edt\u00f3t\u00e9r)&nbsp;<\/td><\/tr><tr><td>15:30-17:00&nbsp;<strong>online F workshop<\/strong><\/td><td><strong>Workshopok:&nbsp;<\/strong>&nbsp;<br><strong>A:<\/strong>&nbsp;<strong><a href=\"https:\/\/ikt.kre.hu\/oktatasinformatika2025\/dr-fekete-imre\/\">Dr.&nbsp;Fekete Imre<\/a><\/strong>: Itt MI k\u00e9rdez\u00fcnk: sz\u00f6veggener\u00e1torok a vizsgak\u00e9rd\u00e9s-\u00edr\u00e1s szolg\u00e1lat\u00e1ban&nbsp;<br><strong>B:<\/strong><a href=\"https:\/\/ikt.kre.hu\/oktatasinformatika2025\/szoke-johanna\/\">&nbsp;<strong>Sz\u0151ke Johanna<\/strong><\/a><strong>:&nbsp;<\/strong>MI vagy mi? \u2013 Az MI v\u00e1laszainak \u00e9rt\u0151 haszn\u00e1lata az egyetemen&nbsp;<br><strong>C:<\/strong>&nbsp;<strong><a href=\"https:\/\/ikt.kre.hu\/oktatasinformatika2025\/toth-kata\/\">T\u00f3th Kata:<\/a><\/strong>&nbsp;&#8222;Megszel\u00edd\u00edteni a megszel\u00edd\u00edthetetlent&#8221; &#8211; avagy MI-t elker\u00fcl\u0151 kreat\u00edv, kompetenciafejleszt\u00e9si lehet\u0151s\u00e9get biztos\u00edt\u00f3 hallgat\u00f3i feladatok<br><strong>D:<\/strong>&nbsp;<strong><a href=\"https:\/\/ikt.kre.hu\/oktatasinformatika2025\/hulber-laszlo\/\">Dr.&nbsp;H\u00fclber L\u00e1szl\u00f3:<\/a><\/strong>&nbsp;J\u00f3gyakorlatok az &#8222;Oktat\u00e1sinformatika a fels\u0151oktat\u00e1sban &#8211; Pedag\u00f3gi<strong>AI<\/strong>&nbsp;kieg\u00e9sz\u00edt\u00e9s&#8221; c. k\u00f6nyvb\u0151l<br><strong>E:&nbsp;<a href=\"https:\/\/ikt.kre.hu\/oktatasinformatika2025\/koren-balazs\/\">Koren Bal\u00e1zs<\/a><\/strong>: Hogyan tesz hat\u00e9konyabb tan\u00e1rr\u00e1 az AI?<br><strong>F:<\/strong> <strong><a href=\"https:\/\/ikt.kre.hu\/oktatasinformatika2025\/molnarne-dr-laszlo-andrea\/\">Moln\u00e1rn\u00e9 Dr. L\u00e1szl\u00f3 Andrea:<\/a>&nbsp;<\/strong>Oktat\u00f3 az AI kor\u00e1ban; AI-proof sz\u00e1monk\u00e9r\u00e9si megold\u00e1sok <em><strong>(online)<\/strong><\/em><\/td><td><strong>MRK f\u00f3rum z\u00e1rt \u00fcl\u00e9se <\/strong>(Nagyel\u0151ad\u00f3)&nbsp;<\/td><\/tr><\/tbody><\/table><\/figure>\n","protected":false},"excerpt":{"rendered":"<p>08:00-09:00&nbsp;&nbsp; Regisztr\u00e1ci\u00f3 (Ki\u00e1ll\u00edt\u00f3t\u00e9r)&nbsp; Ki\u00e1ll\u00edt\u00f3i standok l\u00e1togat\u00e1sa (Ki\u00e1ll\u00edt\u00f3t\u00e9r)&nbsp; 09:00-09:15&nbsp;&nbsp;online k\u00f6zvet\u00edt\u00e9s Megnyit\u00f3 (Nagyel\u0151ad\u00f3) Dr. Szontagh P\u00e1l&nbsp;(KRE Pedag\u00f3gusk\u00e9pz\u0151 K\u00f6zpont, f\u0151igazgat\u00f3)Dr. Dring\u00f3-Horv\u00e1th Ida (KRE IKT Kutat\u00f3k\u00f6zpont \/ BTK OTK, K\u00f6zpontvezet\u0151)&nbsp;&nbsp;&nbsp; 09:15-09:40&nbsp;&nbsp;online k\u00f6zvet\u00edt\u00e9s Dr. Dring\u00f3-Horv\u00e1th Ida (k\u00f6zpontvezet\u0151, IKT Kutat\u00f3k\u00f6zpont \/ OTK BTK, KRE):&nbsp;&nbsp;Szab\u00e1lyozni a szab\u00e1lyozhatatlant? MI \u00fatmutat\u00f3k a hazai fels\u0151oktat\u00e1sban&nbsp;+ Q&amp;A&nbsp;&nbsp;&nbsp; 09:40-10:05&nbsp;&nbsp;online k\u00f6zvet\u00edt\u00e9s Dr. Papp-Danka Adrienn (irodavezet\u0151, K\u00e9pz\u00e9sfejleszt\u00e9si Iroda, BGE):\u201eH\u00e1rman [&hellip;]<\/p>\n","protected":false},"author":1,"featured_media":0,"parent":0,"menu_order":0,"comment_status":"closed","ping_status":"closed","template":"","meta":{"iawp_total_views":1259,"footnotes":""},"class_list":["post-589","page","type-page","status-publish","hentry"],"_links":{"self":[{"href":"https:\/\/ikt.kre.hu\/oktatasinformatika2025\/wp-json\/wp\/v2\/pages\/589","targetHints":{"allow":["GET"]}}],"collection":[{"href":"https:\/\/ikt.kre.hu\/oktatasinformatika2025\/wp-json\/wp\/v2\/pages"}],"about":[{"href":"https:\/\/ikt.kre.hu\/oktatasinformatika2025\/wp-json\/wp\/v2\/types\/page"}],"author":[{"embeddable":true,"href":"https:\/\/ikt.kre.hu\/oktatasinformatika2025\/wp-json\/wp\/v2\/users\/1"}],"replies":[{"embeddable":true,"href":"https:\/\/ikt.kre.hu\/oktatasinformatika2025\/wp-json\/wp\/v2\/comments?post=589"}],"version-history":[{"count":55,"href":"https:\/\/ikt.kre.hu\/oktatasinformatika2025\/wp-json\/wp\/v2\/pages\/589\/revisions"}],"predecessor-version":[{"id":2148,"href":"https:\/\/ikt.kre.hu\/oktatasinformatika2025\/wp-json\/wp\/v2\/pages\/589\/revisions\/2148"}],"wp:attachment":[{"href":"https:\/\/ikt.kre.hu\/oktatasinformatika2025\/wp-json\/wp\/v2\/media?parent=589"}],"curies":[{"name":"wp","href":"https:\/\/api.w.org\/{rel}","templated":true}]}}