{"id":591,"date":"2024-06-05T18:10:11","date_gmt":"2024-06-05T15:10:11","guid":{"rendered":"https:\/\/iktkre.wordpress.com\/contact\/"},"modified":"2025-05-29T00:54:02","modified_gmt":"2025-05-28T22:54:02","slug":"regisztracio","status":"publish","type":"page","link":"https:\/\/ikt.kre.hu\/oktatasinformatika2025\/regisztracio\/","title":{"rendered":"Regisztr\u00e1ci\u00f3"},"content":{"rendered":"\n<div style=\"height:50px\" aria-hidden=\"true\" class=\"wp-block-spacer\"><\/div>\n\n\n\n<div class=\"wp-block-group alignfull is-layout-flow wp-container-core-group-is-layout-92c9f0b4 wp-block-group-is-layout-flow has-background\" style=\"margin-top:0;margin-bottom:0;padding-top:0;padding-right:0;padding-bottom:0;padding-left:0;box-shadow:var(--wp--preset--shadow--natural);background-image:url(&apos;https:\/\/ikt.kre.hu\/oktatasinformatika2025\/wp-content\/uploads\/2025\/05\/Firefly-20250524181jjj841.jpg&apos;);background-position:52% 37%;background-size:cover;\">\n<div style=\"height:19px;width:0px\" aria-hidden=\"true\" class=\"wp-block-spacer\"><\/div>\n\n\n\n<h3 class=\"wp-block-heading has-text-align-center glass has-theme-1-color has-text-color has-link-color wp-elements-1248b15c6426586d9d8cedef4d1fda86\" style=\"margin-right:var(--wp--preset--spacing--30);margin-left:var(--wp--preset--spacing--30)\">R\u00c9SZV\u00c9TELI LEHET\u0150S\u00c9GEK<\/h3>\n\n\n\n<div style=\"height:19px;width:0px\" aria-hidden=\"true\" class=\"wp-block-spacer\"><\/div>\n\n\n\n<div class=\"wp-block-columns is-layout-flex wp-container-core-columns-is-layout-1a2ddb66 wp-block-columns-is-layout-flex\" style=\"padding-right:var(--wp--preset--spacing--30);padding-left:var(--wp--preset--spacing--30)\">\n<div class=\"wp-block-column glass is-layout-flow wp-container-core-column-is-layout-1e50c360 wp-block-column-is-layout-flow\" style=\"padding-top:0;padding-right:var(--wp--preset--spacing--20);padding-bottom:0;padding-left:var(--wp--preset--spacing--20)\">\n<p class=\"has-text-align-center has-theme-1-background-color has-background\" style=\"border-radius:100px;margin-top:var(--wp--preset--spacing--20);margin-bottom:var(--wp--preset--spacing--20);line-height:0\"><strong>INGYENES<\/strong><\/p>\n\n\n\n<p class=\"has-text-align-center\" style=\"padding-top:6px;padding-bottom:6px;line-height:1.8\">KRE munkav\u00e1llal\u00f3k<\/p>\n\n\n\n<p class=\"has-text-align-center\" style=\"padding-top:6px;padding-bottom:6px;line-height:1.4\">MRK Fels\u0151oktat\u00e1si M\u00f3dszertani \u00e9s Oktat\u00e1sinformatikai F\u00f3rum vezet\u0151i<\/p>\n<\/div>\n\n\n\n<div class=\"wp-block-column glass is-layout-flow wp-block-column-is-layout-flow\">\n<p class=\"has-text-align-center has-theme-1-background-color has-background\" style=\"border-radius:100px;margin-top:var(--wp--preset--spacing--20);margin-bottom:var(--wp--preset--spacing--20);line-height:0\"><strong>12.000 Ft<\/strong>&nbsp;<\/p>\n\n\n\n<p class=\"has-text-align-center\" style=\"margin-top:var(--wp--preset--spacing--20);margin-bottom:var(--wp--preset--spacing--20)\">Szem\u00e9lyes &#8211; kor\u00e1n kel\u0151 <br>(j\u00falius 15-ig)&nbsp;<br>Online r\u00e9sztvev\u0151k<br>Poszter- \/ input- el\u0151ad\u00e1ssal jelentkez\u0151k (elfogad\u00e1s eset\u00e9n!)<br>PhD hallgat\u00f3k&nbsp;&nbsp;&nbsp;&nbsp;&nbsp;<\/p>\n<\/div>\n\n\n\n<div class=\"wp-block-column glass is-layout-flow wp-block-column-is-layout-flow\">\n<p class=\"has-text-align-center has-theme-1-background-color has-background\" style=\"border-radius:100px;margin-top:var(--wp--preset--spacing--20);margin-bottom:var(--wp--preset--spacing--20);line-height:0\"><strong>16.000 Ft<\/strong>&nbsp;<\/p>\n\n\n\n<p class=\"has-text-align-center\" style=\"margin-top:var(--wp--preset--spacing--40);margin-bottom:var(--wp--preset--spacing--40)\">Szem\u00e9lyes &#8211; norm\u00e1l \u00e1r <br>(j\u00falius 16-t\u00f3l)&nbsp;<\/p>\n<\/div>\n<\/div>\n\n\n\n<div style=\"height:19px;width:0px\" aria-hidden=\"true\" class=\"wp-block-spacer\"><\/div>\n<\/div>\n\n\n\n<div class=\"wp-block-columns is-layout-flex wp-container-core-columns-is-layout-59e203da wp-block-columns-is-layout-flex\" style=\"padding-right:0;padding-left:0\">\n<div class=\"wp-block-column is-layout-flow wp-block-column-is-layout-flow\">\n<figure class=\"wp-block-image aligncenter size-large is-resized\"><a href=\"https:\/\/forms.office.com\/pages\/responsepage.aspx?id=7l1q4FbMvUC0Hr8_SCvN0x0GqmM4hHZPgvJAIVmo2ZNUMzE0Q0lVWFY1RkQzTDNSR00yTEo5NkwzTC4u&amp;origin=lprLink&amp;route=shorturl\" target=\"_blank\" rel=\" noreferrer noopener\"><img loading=\"lazy\" decoding=\"async\" width=\"1024\" height=\"576\" src=\"https:\/\/ikt.kre.hu\/oktatasinformatika2025\/wp-content\/uploads\/2025\/05\/Honlap-kellekei-6-1024x576.png\" alt=\"\" class=\"wp-image-1826\" style=\"width:472px;height:auto\" srcset=\"https:\/\/ikt.kre.hu\/oktatasinformatika2025\/wp-content\/uploads\/2025\/05\/Honlap-kellekei-6-1024x576.png 1024w, https:\/\/ikt.kre.hu\/oktatasinformatika2025\/wp-content\/uploads\/2025\/05\/Honlap-kellekei-6-300x169.png 300w, https:\/\/ikt.kre.hu\/oktatasinformatika2025\/wp-content\/uploads\/2025\/05\/Honlap-kellekei-6-768x432.png 768w, https:\/\/ikt.kre.hu\/oktatasinformatika2025\/wp-content\/uploads\/2025\/05\/Honlap-kellekei-6-50x28.png 50w, https:\/\/ikt.kre.hu\/oktatasinformatika2025\/wp-content\/uploads\/2025\/05\/Honlap-kellekei-6-1600x900.png 1600w, https:\/\/ikt.kre.hu\/oktatasinformatika2025\/wp-content\/uploads\/2025\/05\/Honlap-kellekei-6-1536x864.png 1536w, https:\/\/ikt.kre.hu\/oktatasinformatika2025\/wp-content\/uploads\/2025\/05\/Honlap-kellekei-6-2048x1152.png 2048w\" sizes=\"auto, (max-width: 1024px) 100vw, 1024px\" \/><\/a><\/figure>\n<\/div>\n\n\n\n<div class=\"wp-block-column is-layout-flow wp-block-column-is-layout-flow\">\n<figure class=\"wp-block-image aligncenter size-large is-resized\"><a href=\"https:\/\/ikt.kre.hu\/oktatasinformatika2025\/jelentkezes-input-eloadassal-vagy-digitalis-poszterrel\/\"><img loading=\"lazy\" decoding=\"async\" width=\"1024\" height=\"576\" src=\"https:\/\/ikt.kre.hu\/oktatasinformatika2025\/wp-content\/uploads\/2025\/05\/Honlap-kellekei-4-1024x576.png\" alt=\"\" class=\"wp-image-1827\" style=\"width:472px\" srcset=\"https:\/\/ikt.kre.hu\/oktatasinformatika2025\/wp-content\/uploads\/2025\/05\/Honlap-kellekei-4-1024x576.png 1024w, https:\/\/ikt.kre.hu\/oktatasinformatika2025\/wp-content\/uploads\/2025\/05\/Honlap-kellekei-4-300x169.png 300w, https:\/\/ikt.kre.hu\/oktatasinformatika2025\/wp-content\/uploads\/2025\/05\/Honlap-kellekei-4-768x432.png 768w, https:\/\/ikt.kre.hu\/oktatasinformatika2025\/wp-content\/uploads\/2025\/05\/Honlap-kellekei-4-50x28.png 50w, https:\/\/ikt.kre.hu\/oktatasinformatika2025\/wp-content\/uploads\/2025\/05\/Honlap-kellekei-4-1600x900.png 1600w, https:\/\/ikt.kre.hu\/oktatasinformatika2025\/wp-content\/uploads\/2025\/05\/Honlap-kellekei-4-1536x864.png 1536w, https:\/\/ikt.kre.hu\/oktatasinformatika2025\/wp-content\/uploads\/2025\/05\/Honlap-kellekei-4-2048x1152.png 2048w\" sizes=\"auto, (max-width: 1024px) 100vw, 1024px\" \/><\/a><\/figure>\n<\/div>\n<\/div>\n\n\n\n<figure class=\"wp-block-image alignfull size-full has-custom-border\"><img loading=\"lazy\" decoding=\"async\" width=\"2560\" height=\"947\" src=\"https:\/\/ikt.kre.hu\/oktatasinformatika2025\/wp-content\/uploads\/2025\/05\/Mozaik-a-honlapra-1-scaled.jpg\" alt=\"\" class=\"wp-image-1739\" style=\"border-radius:0px;box-shadow:var(--wp--preset--shadow--natural)\" srcset=\"https:\/\/ikt.kre.hu\/oktatasinformatika2025\/wp-content\/uploads\/2025\/05\/Mozaik-a-honlapra-1-scaled.jpg 2560w, https:\/\/ikt.kre.hu\/oktatasinformatika2025\/wp-content\/uploads\/2025\/05\/Mozaik-a-honlapra-1-300x111.jpg 300w, https:\/\/ikt.kre.hu\/oktatasinformatika2025\/wp-content\/uploads\/2025\/05\/Mozaik-a-honlapra-1-1024x379.jpg 1024w, https:\/\/ikt.kre.hu\/oktatasinformatika2025\/wp-content\/uploads\/2025\/05\/Mozaik-a-honlapra-1-768x284.jpg 768w, https:\/\/ikt.kre.hu\/oktatasinformatika2025\/wp-content\/uploads\/2025\/05\/Mozaik-a-honlapra-1-50x19.jpg 50w, https:\/\/ikt.kre.hu\/oktatasinformatika2025\/wp-content\/uploads\/2025\/05\/Mozaik-a-honlapra-1-1600x592.jpg 1600w, https:\/\/ikt.kre.hu\/oktatasinformatika2025\/wp-content\/uploads\/2025\/05\/Mozaik-a-honlapra-1-1536x568.jpg 1536w, https:\/\/ikt.kre.hu\/oktatasinformatika2025\/wp-content\/uploads\/2025\/05\/Mozaik-a-honlapra-1-2048x758.jpg 2048w\" sizes=\"auto, (max-width: 2560px) 100vw, 2560px\" \/><\/figure>\n\n\n\n<p class=\"has-text-align-center has-theme-5-color has-text-color has-link-color wp-elements-a319e9aebb20653a726957ef4cb26233\"><em><a href=\"https:\/\/portal.kre.hu\/images\/adatvedelem\/2025\/AK_tajekoztato_2025_oktatasinformatika_konf.pdf\" target=\"_blank\" rel=\"noreferrer noopener\">Adatkezel\u00e9si t\u00e1j\u00e9koztat\u00f3<\/a><\/em><\/p>\n\n\n\n<p class=\"has-text-align-center\"><strong>A R\u00c9SZV\u00c9TELI D\u00cdJ TARTALMAZZA:<\/strong><\/p>\n\n\n\n<ul style=\"margin-right:0;margin-left:0\" class=\"wp-block-list\">\n<li style=\"margin-top:var(--wp--preset--spacing--20)\">szakmai plen\u00e1ris \u00e9s szekci\u00f3 programok<\/li>\n\n\n\n<li>j\u00f3gyakorlatok megismer\u00e9se interakt\u00edv poszter-szekci\u00f3 keret\u00e9ben<\/li>\n\n\n\n<li>interakt\u00edv k\u00f6nyvbemutat\u00f3<\/li>\n\n\n\n<li>workshop r\u00e9szv\u00e9teli lehet\u0151s\u00e9g (5 k\u00fcl\u00f6nb\u00f6z\u0151 workshop, a helyek bet\u00f6lt\u00e9se befizet\u00e9si sorrendben t\u00f6rt\u00e9nik)<\/li>\n\n\n\n<li>c\u00e9ges ki\u00e1ll\u00edt\u00f3 standok \u00e9s bemutatkoz\u00e1sok<\/li>\n\n\n\n<li>tombola-sorsol\u00e1s a r\u00e9sztvev\u0151k k\u00f6z\u00f6tt, k\u00fcl\u00f6nb\u00f6z\u0151 nyerem\u00e9nyekkel (c\u00e9ges felaj\u00e1nl\u00e1sok: szoftver-licenszek, t\u00e1rgyi nyerem\u00e9nyek, szakmai anyagok\/k\u00f6nyvek)<\/li>\n\n\n\n<li>k\u00e1v\u00e9sz\u00fcnetek s\u00f3s \u00e9s \u00e9des apr\u00f3s\u00fctem\u00e9nnyel<\/li>\n\n\n\n<li>szendvicseb\u00e9d \u00e9dess\u00e9ggel, \u00fcd\u00edt\u0151vel, k\u00e1v\u00e9val<\/li>\n<\/ul>\n\n\n\n<div class=\"wp-block-group alignfull has-background is-layout-flow wp-block-group-is-layout-flow\" style=\"background-color:#066d42\">\n<p class=\"has-text-align-center has-theme-1-color has-text-color has-background has-link-color wp-elements-eb0c50a3cbe376fd22a5a2a0011bcf3c\" style=\"background-color:#066d42;padding-right:var(--wp--preset--spacing--80);padding-left:var(--wp--preset--spacing--80);line-height:1.8\"><strong><strong>A jelentkez\u00e9s a befizetett r\u00e9szv\u00e9teli d\u00edj be\u00e9rkez\u00e9s\u00e9t k\u00f6vet\u0151en v\u00e1lik v\u00e9glegess\u00e9, a workshopokon a befizet\u00e9s sorrendj\u00e9ben tudjuk biztos\u00edtani a helyeket.<\/strong><\/strong><br>Sz\u00e1ml\u00e1t KIZ\u00c1R\u00d3LAG az regisztr\u00e1ci\u00f3s \u0171rlapon megadott adatok alapj\u00e1n \u00e1ll\u00edtunk ki! A befizetett d\u00edjat nem \u00e1ll m\u00f3dunkban visszautalni, de sz\u00fcks\u00e9g eset\u00e9n a regisztr\u00e1c\u00f3 \u00e1truh\u00e1zhat\u00f3, k\u00e9r\u00e9s\u00e9t jelezze: ikt.kutatokozpont@kre.hu<\/p>\n<\/div>\n\n\n\n<p><strong><br>K\u00e9rj\u00fck, jelentkez\u00e9s\u00e9nek v\u00e9gleges\u00edt\u00e9s\u00e9hez miel\u0151bb utalja \u00e1t r\u00e9szv\u00e9tel\u00e9nek \u00f6sszeg\u00e9t az al\u00e1bbi banksz\u00e1mlasz\u00e1mra: <\/strong><br><strong>K\u00e1roli G\u00e1sp\u00e1r Reform\u00e1tus Egyetem, <\/strong><br><strong>OTP Bank: 11705008-20436034 <\/strong><br><strong>K\u00f6zlem\u00e9ny: 60001R030, R\u00e9sztvev\u0151 neve (K\u00e9rj\u00fck a k\u00f6zlem\u00e9ny pontos felt\u00fcntet\u00e9s\u00e9t!)<\/strong><\/p>\n\n\n\n<p>A konferencia r\u00e9szv\u00e9teli d\u00edj\u00e1t nem \u00e1ll m\u00f3dunkban visszautalni, de sz\u00fcks\u00e9g eset\u00e9n a regisztr\u00e1ci\u00f3 \u00e1truh\u00e1zhat\u00f3 (kapcsolat:&nbsp;<a href=\"mailto:%20ikt.kutatokozpont@kre.hu\">ikt.kutatokozpont@kre.hu<\/a>).<\/p>\n\n\n\n<p class=\"has-small-font-size\" style=\"margin-right:0;margin-left:0;padding-right:0;padding-left:0\">A szervez\u0151k a programv\u00e1ltoztat\u00e1s jog\u00e1t fenntartj\u00e1k.<\/p>\n\n\n\n<p><\/p>\n","protected":false},"excerpt":{"rendered":"<p>R\u00c9SZV\u00c9TELI LEHET\u0150S\u00c9GEK INGYENES KRE munkav\u00e1llal\u00f3k MRK Fels\u0151oktat\u00e1si M\u00f3dszertani \u00e9s Oktat\u00e1sinformatikai F\u00f3rum vezet\u0151i 12.000 Ft&nbsp; Szem\u00e9lyes &#8211; kor\u00e1n kel\u0151 (j\u00falius 15-ig)&nbsp;Online r\u00e9sztvev\u0151kPoszter- \/ input- el\u0151ad\u00e1ssal jelentkez\u0151k (elfogad\u00e1s eset\u00e9n!)PhD hallgat\u00f3k&nbsp;&nbsp;&nbsp;&nbsp;&nbsp; 16.000 Ft&nbsp; Szem\u00e9lyes &#8211; norm\u00e1l \u00e1r (j\u00falius 16-t\u00f3l)&nbsp; Adatkezel\u00e9si t\u00e1j\u00e9koztat\u00f3 A R\u00c9SZV\u00c9TELI D\u00cdJ TARTALMAZZA: A jelentkez\u00e9s a befizetett r\u00e9szv\u00e9teli d\u00edj be\u00e9rkez\u00e9s\u00e9t k\u00f6vet\u0151en v\u00e1lik v\u00e9glegess\u00e9, a workshopokon a [&hellip;]<\/p>\n","protected":false},"author":1,"featured_media":0,"parent":0,"menu_order":0,"comment_status":"closed","ping_status":"closed","template":"","meta":{"iawp_total_views":416,"footnotes":""},"class_list":["post-591","page","type-page","status-publish","hentry"],"_links":{"self":[{"href":"https:\/\/ikt.kre.hu\/oktatasinformatika2025\/wp-json\/wp\/v2\/pages\/591","targetHints":{"allow":["GET"]}}],"collection":[{"href":"https:\/\/ikt.kre.hu\/oktatasinformatika2025\/wp-json\/wp\/v2\/pages"}],"about":[{"href":"https:\/\/ikt.kre.hu\/oktatasinformatika2025\/wp-json\/wp\/v2\/types\/page"}],"author":[{"embeddable":true,"href":"https:\/\/ikt.kre.hu\/oktatasinformatika2025\/wp-json\/wp\/v2\/users\/1"}],"replies":[{"embeddable":true,"href":"https:\/\/ikt.kre.hu\/oktatasinformatika2025\/wp-json\/wp\/v2\/comments?post=591"}],"version-history":[{"count":29,"href":"https:\/\/ikt.kre.hu\/oktatasinformatika2025\/wp-json\/wp\/v2\/pages\/591\/revisions"}],"predecessor-version":[{"id":1860,"href":"https:\/\/ikt.kre.hu\/oktatasinformatika2025\/wp-json\/wp\/v2\/pages\/591\/revisions\/1860"}],"wp:attachment":[{"href":"https:\/\/ikt.kre.hu\/oktatasinformatika2025\/wp-json\/wp\/v2\/media?parent=591"}],"curies":[{"name":"wp","href":"https:\/\/api.w.org\/{rel}","templated":true}]}}