{"id":2,"date":"2025-08-28T08:45:00","date_gmt":"2025-08-28T06:45:00","guid":{"rendered":"https:\/\/ikt.kre.hu\/omf\/?page_id=2"},"modified":"2025-09-02T17:35:44","modified_gmt":"2025-09-02T15:35:44","slug":"videok","status":"publish","type":"page","link":"https:\/\/ikt.kre.hu\/omf\/en\/videok\/","title":{"rendered":"Vide\u00f3k"},"content":{"rendered":"<div class=\"wp-block-columns alignwide is-layout-flex wp-container-core-columns-is-layout-28f84493 wp-block-columns-is-layout-flex\">\n<div class=\"wp-block-column is-layout-flow wp-block-column-is-layout-flow\">\n<div class=\"wp-block-columns is-layout-flex wp-container-core-columns-is-layout-e0e4babd wp-block-columns-is-layout-flex\" style=\"padding-right:0;padding-left:0\">\n<div class=\"wp-block-column is-layout-flow wp-block-column-is-layout-flow\">\n<div class=\"wp-block-group has-background has-global-padding is-layout-constrained wp-container-core-group-is-layout-a35945ca wp-block-group-is-layout-constrained\" style=\"background-color:#f58441;padding-top:var(--wp--preset--spacing--30);padding-right:var(--wp--preset--spacing--30);padding-bottom:var(--wp--preset--spacing--30);padding-left:var(--wp--preset--spacing--30)\">\n<p class=\"has-base-color has-text-color has-link-color wp-elements-22d60379a388d67f1118edb0a709d9ed\"><a href=\"https:\/\/ikt.kre.hu\/omf\/en\/1-szakmai-elkotelezettseg\/\" data-type=\"page\" data-id=\"25\">1. Szakmai elk\u00f6telezetts\u00e9g<\/a><\/p>\n\n\n\n<p class=\"has-text-align-left has-base-color has-text-color has-link-color wp-elements-de3fc929e5629bf9493eb02fede3096b\"><a href=\"https:\/\/ikt.kre.hu\/omf\/en\/1-1-szervezeti-kommunikacio\/\" data-type=\"page\" data-id=\"27\">1.1. Szervezeti kommunik\u00e1ci\u00f3<\/a><\/p>\n\n\n\n<p class=\"has-text-align-left has-base-color has-text-color has-link-color wp-elements-37e15a9a9048fb4c209192637f5c12ae\">1.2. Szakmai egy\u00fcttm\u0171k\u00f6d\u00e9s<\/p>\n\n\n\n<p class=\"has-text-align-left has-base-color has-text-color has-link-color wp-elements-57beae2f6a608c1dab4af54708964317\">1.3. Reflekt\u00edv gyakorlat<\/p>\n\n\n\n<p class=\"has-text-align-left has-base-color has-text-color has-link-color wp-elements-a04ee5cd72f1a7e2b782a08a713c1ef2\">1.4. Folyamatos szakmai fejl\u0151d\u00e9s digit\u00e1lis t\u00e1mogat\u00e1ssal<\/p>\n<\/div>\n\n\n\n<div class=\"wp-block-group has-background has-global-padding is-layout-constrained wp-container-core-group-is-layout-80fb368b wp-block-group-is-layout-constrained\" style=\"background-color:#36a456;padding-top:var(--wp--preset--spacing--30);padding-right:var(--wp--preset--spacing--30);padding-bottom:var(--wp--preset--spacing--30);padding-left:var(--wp--preset--spacing--30)\">\n<p class=\"has-text-align-left has-base-color has-text-color has-link-color wp-elements-1020d4c4bbdfea60e6b9f676e692b71f\"><a href=\"https:\/\/ikt.kre.hu\/omf\/en\/2-digitalis-forrasok\/\" data-type=\"page\" data-id=\"36\">2. Digit\u00e1lis forr\u00e1sok<\/a><\/p>\n\n\n\n<p class=\"has-text-align-left has-base-color has-text-color has-link-color wp-elements-3a9fbafa46690e84b37a5a20107bf925\">2.1. Digit\u00e1lis forr\u00e1sok kiv\u00e1laszt\u00e1sa \u00e9s kezel\u00e9se<\/p>\n\n\n\n<p class=\"has-text-align-left has-base-color has-text-color has-link-color wp-elements-2c4793e2d84f99b0585ddb53645e22ba\">2.2. Digit\u00e1lis forr\u00e1sok l\u00e9trehoz\u00e1sa \u00e9s&nbsp;m\u00f3dos\u00edt\u00e1sa<\/p>\n\n\n\n<p class=\"has-text-align-left has-base-color has-text-color has-link-color wp-elements-4a362cf6a2d572d97a9c2b21ffc435cf\">2.3. Digit\u00e1lis forr\u00e1sok kezel\u00e9se, megoszt\u00e1sa\u00e9s&nbsp;v\u00e9delme<\/p>\n<\/div>\n\n\n\n<div class=\"wp-block-group has-background has-global-padding is-layout-constrained wp-container-core-group-is-layout-80fb368b wp-block-group-is-layout-constrained\" style=\"background-color:#3d84c5;padding-top:var(--wp--preset--spacing--30);padding-right:var(--wp--preset--spacing--30);padding-bottom:var(--wp--preset--spacing--30);padding-left:var(--wp--preset--spacing--30)\">\n<p class=\"has-text-align-left has-base-color has-text-color has-link-color wp-elements-be20d0edab3c592357782a9e02f0d5be\"><a href=\"https:\/\/ikt.kre.hu\/omf\/en\/3-tanitas-es-tanulas\/\" data-type=\"page\" data-id=\"44\">3. Tan\u00edt\u00e1s \u00e9s&nbsp;tanul\u00e1s<\/a><\/p>\n\n\n\n<p class=\"has-text-align-left has-base-color has-text-color has-link-color wp-elements-5d0c013fdaf818e30b261849d170283e\">3.1. Tan\u00edt\u00e1s<\/p>\n\n\n\n<p class=\"has-text-align-left has-base-color has-text-color has-link-color wp-elements-76b410ed34848587e0e8bd0274c65b8f\">3.2. Tan\u00e1csad\u00e1s<\/p>\n\n\n\n<p class=\"has-text-align-left has-base-color has-text-color has-link-color wp-elements-d1aed19ac8e4e6334b91e2644c4fc00e\">3.3. Kollaborat\u00edv tanul\u00e1s<\/p>\n\n\n\n<p class=\"has-text-align-left has-base-color has-text-color has-link-color wp-elements-3698c283775771c386fb8ea1510cc1ae\">3.4. \u00d6n\u00e1ll\u00f3 tanul\u00e1s<\/p>\n<\/div>\n<\/div>\n\n\n\n<div class=\"wp-block-column is-layout-flow wp-block-column-is-layout-flow\">\n<div class=\"wp-block-group has-background has-global-padding is-layout-constrained wp-container-core-group-is-layout-80fb368b wp-block-group-is-layout-constrained\" style=\"background-color:#0eb1a9;padding-top:var(--wp--preset--spacing--30);padding-right:var(--wp--preset--spacing--30);padding-bottom:var(--wp--preset--spacing--30);padding-left:var(--wp--preset--spacing--30)\">\n<p class=\"has-text-align-left has-base-color has-text-color has-link-color wp-elements-bc8d5c7e6be58e6a9fa346f685527b53\"><a href=\"https:\/\/ikt.kre.hu\/omf\/en\/4-ertekeles\/\" data-type=\"page\" data-id=\"54\">4. \u00c9rt\u00e9kel\u00e9s<\/a><\/p>\n\n\n\n<p class=\"has-text-align-left has-base-color has-text-color has-link-color wp-elements-55da9b761e3b7c456157f0dee653a2c2\">4.1. \u00c9rt\u00e9kel\u00e9si strat\u00e9gi\u00e1k<\/p>\n\n\n\n<p class=\"has-text-align-left has-base-color has-text-color has-link-color wp-elements-57e16ea458134ebf96dc4b1774886574\">4.2. A&nbsp;t\u00e9nyek \u00e9s&nbsp;bizony\u00edt\u00e9kok elemz\u00e9se<\/p>\n\n\n\n<p class=\"has-text-align-left has-base-color has-text-color has-link-color wp-elements-ce580459e53666be5f9bdbd8665ec35a\">4.3. Visszajelz\u00e9s \u00e9s&nbsp;tervez\u00e9s<\/p>\n<\/div>\n\n\n\n<div class=\"wp-block-group has-background has-global-padding is-layout-constrained wp-container-core-group-is-layout-80fb368b wp-block-group-is-layout-constrained\" style=\"background-color:#6a489d;padding-top:var(--wp--preset--spacing--30);padding-right:var(--wp--preset--spacing--30);padding-bottom:var(--wp--preset--spacing--30);padding-left:var(--wp--preset--spacing--30)\">\n<p class=\"has-text-align-left has-base-color has-text-color has-link-color wp-elements-82e8f60f51de65492ac7701fa949d132\"><a href=\"https:\/\/ikt.kre.hu\/omf\/en\/5-a-tanulok-tamogatasa\/\" data-type=\"page\" data-id=\"62\">5. A tanul\u00f3k t\u00e1mogat\u00e1sa<\/a><\/p>\n\n\n\n<p class=\"has-text-align-left has-base-color has-text-color has-link-color wp-elements-b1b2b8f7ef45f6c61c261222ea7204b7\">5.1. Hozz\u00e1f\u00e9r\u00e9s biztos\u00edt\u00e1sa \u00e9s&nbsp;inkl\u00fazi\u00f3<\/p>\n\n\n\n<p class=\"has-text-align-left has-base-color has-text-color has-link-color wp-elements-cc18829cacdae7fc9cfd57adbd586f4c\">5.2. Differenci\u00e1l\u00e1s \u00e9s&nbsp;szem\u00e9lyre szab\u00e1s<\/p>\n\n\n\n<p class=\"has-text-align-left has-base-color has-text-color has-link-color wp-elements-fd42ee8117b29ad11b03509abda338ab\">5.3.A&nbsp;tanul\u00f3k bevon\u00e1sa \u00e9s&nbsp;motiv\u00e1l\u00e1sa<\/p>\n<\/div>\n\n\n\n<div class=\"wp-block-group has-background has-global-padding is-layout-constrained wp-container-core-group-is-layout-80fb368b wp-block-group-is-layout-constrained\" style=\"background-color:#cf3a58;padding-top:var(--wp--preset--spacing--30);padding-right:var(--wp--preset--spacing--30);padding-bottom:var(--wp--preset--spacing--30);padding-left:var(--wp--preset--spacing--30)\">\n<p class=\"has-text-align-left has-base-color has-text-color has-link-color wp-elements-300d788a37fac2ea83ba5d605b2645b9\"><a href=\"https:\/\/ikt.kre.hu\/omf\/en\/6-a-digitalis-kompetenciak-megszerzesenek-tamogatasa\/\" data-type=\"page\" data-id=\"70\">6. A digit\u00e1lis kompetenci\u00e1k megszerz\u00e9s\u00e9nek t\u00e1mogat\u00e1sa<\/a><\/p>\n\n\n\n<p class=\"has-text-align-left has-base-color has-text-color has-link-color wp-elements-06e70446e37ed61b3fd5750870999afb\">6.1. Inform\u00e1ci\u00f3s \u00e9s&nbsp;m\u00e9diatudatoss\u00e1ggal kapcsolatos k\u00e9szs\u00e9gek<\/p>\n\n\n\n<p class=\"has-text-align-left has-base-color has-text-color has-link-color wp-elements-3a087e2fe84f997ac745a2b7f8b21276\">6.2. Digit\u00e1lis kommunik\u00e1ci\u00f3 \u00e9s&nbsp;kollabor\u00e1ci\u00f3 <\/p>\n\n\n\n<p class=\"has-text-align-left has-base-color has-text-color has-link-color wp-elements-be2b236cf06e913339acef8e88649d37\">6.3. Digit\u00e1lis tartalmak l\u00e9trehoz\u00e1sa<\/p>\n\n\n\n<p class=\"has-text-align-left has-base-color has-text-color has-link-color wp-elements-c02f0b31a99a126a31450648d2c782fe\">6.4. Felel\u0151s haszn\u00e1lat<\/p>\n\n\n\n<p class=\"has-text-align-left has-base-color has-text-color has-link-color wp-elements-d58b35ee3d87b83d750087551c8fdc37\">6.5. Digit\u00e1lis probl\u00e9mamegold\u00e1s<\/p>\n<\/div>\n<\/div>\n<\/div>\n<\/div>\n<\/div>","protected":false},"excerpt":{"rendered":"<p>1. Szakmai elk\u00f6telezetts\u00e9g 1.1. Szervezeti kommunik\u00e1ci\u00f3 1.2. Szakmai egy\u00fcttm\u0171k\u00f6d\u00e9s 1.3. Reflekt\u00edv gyakorlat 1.4. Folyamatos szakmai fejl\u0151d\u00e9s digit\u00e1lis t\u00e1mogat\u00e1ssal 2. Digit\u00e1lis forr\u00e1sok 2.1. Digit\u00e1lis forr\u00e1sok kiv\u00e1laszt\u00e1sa \u00e9s kezel\u00e9se 2.2. Digit\u00e1lis forr\u00e1sok l\u00e9trehoz\u00e1sa \u00e9s&nbsp;m\u00f3dos\u00edt\u00e1sa 2.3. Digit\u00e1lis forr\u00e1sok kezel\u00e9se, megoszt\u00e1sa\u00e9s&nbsp;v\u00e9delme 3. Tan\u00edt\u00e1s \u00e9s&nbsp;tanul\u00e1s 3.1. Tan\u00edt\u00e1s 3.2. Tan\u00e1csad\u00e1s 3.3. Kollaborat\u00edv tanul\u00e1s 3.4. \u00d6n\u00e1ll\u00f3 tanul\u00e1s 4. \u00c9rt\u00e9kel\u00e9s 4.1. \u00c9rt\u00e9kel\u00e9si strat\u00e9gi\u00e1k [&hellip;]<\/p>\n","protected":false},"author":1,"featured_media":0,"parent":0,"menu_order":0,"comment_status":"closed","ping_status":"open","template":"page-no-title","meta":{"iawp_total_views":16,"footnotes":""},"class_list":["post-2","page","type-page","status-publish","hentry"],"_links":{"self":[{"href":"https:\/\/ikt.kre.hu\/omf\/en\/wp-json\/wp\/v2\/pages\/2","targetHints":{"allow":["GET"]}}],"collection":[{"href":"https:\/\/ikt.kre.hu\/omf\/en\/wp-json\/wp\/v2\/pages"}],"about":[{"href":"https:\/\/ikt.kre.hu\/omf\/en\/wp-json\/wp\/v2\/types\/page"}],"author":[{"embeddable":true,"href":"https:\/\/ikt.kre.hu\/omf\/en\/wp-json\/wp\/v2\/users\/1"}],"replies":[{"embeddable":true,"href":"https:\/\/ikt.kre.hu\/omf\/en\/wp-json\/wp\/v2\/comments?post=2"}],"version-history":[{"count":12,"href":"https:\/\/ikt.kre.hu\/omf\/en\/wp-json\/wp\/v2\/pages\/2\/revisions"}],"predecessor-version":[{"id":155,"href":"https:\/\/ikt.kre.hu\/omf\/en\/wp-json\/wp\/v2\/pages\/2\/revisions\/155"}],"wp:attachment":[{"href":"https:\/\/ikt.kre.hu\/omf\/en\/wp-json\/wp\/v2\/media?parent=2"}],"curies":[{"name":"wp","href":"https:\/\/api.w.org\/{rel}","templated":true}]}}