{"id":27,"date":"2025-08-28T20:40:37","date_gmt":"2025-08-28T18:40:37","guid":{"rendered":"https:\/\/ikt.kre.hu\/omf\/?page_id=27"},"modified":"2025-11-26T19:11:05","modified_gmt":"2025-11-26T18:11:05","slug":"1-1-szervezeti-kommunikacio","status":"publish","type":"page","link":"https:\/\/ikt.kre.hu\/omf\/en\/1-1-szervezeti-kommunikacio\/","title":{"rendered":"1.1.Szervezeti kommunik\u00e1ci\u00f3"},"content":{"rendered":"<div class=\"wp-block-columns alignwide has-base-color has-text-color has-background has-link-color wp-elements-76fe5659126fe580f74f9b49065d6fda is-layout-flex wp-container-core-columns-is-layout-28f84493 wp-block-columns-is-layout-flex\" style=\"background-color:#9baea3\">\n<div class=\"wp-block-column is-vertically-aligned-center is-layout-flow wp-block-column-is-layout-flow\">\n<p>Mennyire fontos, hogy egy oktat\u00f3 digit\u00e1lis l\u00e1bnyomokat hagyjonmaga ut\u00e1n szakmai tev\u00e9kenys\u00e9ge sor\u00e1n \u00e9s\u00a0milyen m\u00f3don tegye ezt?<\/p>\n<\/div>\n<\/div>\n\n\n\n<div class=\"wp-block-group alignwide has-global-padding is-layout-constrained wp-block-group-is-layout-constrained\">\n<div class=\"wp-block-columns alignwide is-layout-flex wp-container-core-columns-is-layout-28f84493 wp-block-columns-is-layout-flex\">\n<div class=\"wp-block-column is-layout-flow wp-block-column-is-layout-flow\">\n<p style=\"padding-top:0;padding-right:0;padding-bottom:0;padding-left:0\"><strong>Sziv\u00e1k Judit:<\/strong><\/p>\n\n\n\n<p class=\"has-medium-font-size\">Els\u0151 k\u00e9rd\u00e9s az, mit kezd az ember azzal, hogynem lehet nem nyomot hagyni. Ebben avil\u00e1gban rettenetesen \u00f6sszemos\u00f3dik a sze-m\u00e9lyes \u00e9s a szakmai t\u00e9r. A hallgat\u00f3val fontosmeg\u00e9rtetni, hogy mik\u00f6zben \u0151 klasszikus di\u00e1kszerepben k\u00e9sz\u00fcl egyklasszikusan nem di\u00e1kszerepre, meg kell tanulnia, milyen l\u00e1bnyo-mokat hagyhat, hogyan mutathatja meg mag\u00e1t az online t\u00e9rben<\/p>\n<\/div>\n\n\n\n<div class=\"wp-block-column is-vertically-aligned-center is-layout-flow wp-block-column-is-layout-flow\">\n<figure class=\"wp-block-embed aligncenter is-type-video is-provider-youtube wp-block-embed-youtube\"><div class=\"wp-block-embed__wrapper\">\n<iframe loading=\"lazy\" title=\"Dr. Sziv\u00e1k Judit: Az oktat\u00f3 digit\u00e1lis l\u00e1bnyoma\" width=\"500\" height=\"281\" src=\"https:\/\/www.youtube.com\/embed\/9RHr1y-Dbxs?feature=oembed\" frameborder=\"0\" allow=\"accelerometer; autoplay; clipboard-write; encrypted-media; gyroscope; picture-in-picture; web-share\" referrerpolicy=\"strict-origin-when-cross-origin\" allowfullscreen><\/iframe>\n<\/div><\/figure>\n<\/div>\n<\/div>\n\n\n\n<hr class=\"wp-block-separator alignwide has-alpha-channel-opacity\"\/>\n\n\n\n<div class=\"wp-block-columns alignwide is-layout-flex wp-container-core-columns-is-layout-28f84493 wp-block-columns-is-layout-flex\">\n<div class=\"wp-block-column is-layout-flow wp-block-column-is-layout-flow\">\n<p><strong>Hal\u00e1sz G\u00e1bor:<\/strong><\/p>\n\n\n\n<p class=\"has-medium-font-size\">Aki kutat\u00f3-oktat\u00f3 munk\u00e1t v\u00e9gez, aki tu-d\u00e1st hoz l\u00e9tre \u00e9s oszt meg m\u00e1sokkal, an-nak alapvet\u0151 \u00e9rdeke, feladata, hogy ez atud\u00e1s ne vesszen el. P\u00e9ld\u00e1ul egy oktat\u00f3,egy kutat\u00f3 nem lehet meg szem\u00e9lyes honlap n\u00e9lk\u00fcl, ahol nemegyszer\u0171en CV-t oszt meg, hanem tud\u00e1startalmat t\u00e1rol: elm\u00e9l-ked\u00e9seket r\u00f6gz\u00edt, tesz el\u00e9rhet\u0151v\u00e9, blogot \u00edr. Minden kutat\u00f3nak,oktat\u00f3nak, aki tud\u00e1snyomot akar maga m\u00f6g\u00f6tt hagyni, ren-delkeznie kell egy olyan digit\u00e1lis vil\u00e1ggal, ahol a tud\u00e1s\u00e1t t\u00e1rol-ni tudja, \u00e9s meg tudja osztani m\u00e1sokkal. \u00cdgy lehet t\u0151le tanulni<\/p>\n<\/div>\n\n\n\n<div class=\"wp-block-column is-vertically-aligned-center is-layout-flow wp-block-column-is-layout-flow\">\n<figure class=\"wp-block-embed aligncenter is-type-video is-provider-youtube wp-block-embed-youtube\"><div class=\"wp-block-embed__wrapper\">\n<iframe loading=\"lazy\" title=\"Prof. Dr. Hal\u00e1sz G\u00e1bor: Az oktat\u00f3 digit\u00e1lis l\u00e1bnyoma\" width=\"500\" height=\"281\" src=\"https:\/\/www.youtube.com\/embed\/l2MmkU1wYrY?feature=oembed\" frameborder=\"0\" allow=\"accelerometer; autoplay; clipboard-write; encrypted-media; gyroscope; picture-in-picture; web-share\" referrerpolicy=\"strict-origin-when-cross-origin\" allowfullscreen><\/iframe>\n<\/div><\/figure>\n<\/div>\n<\/div>\n<\/div>","protected":false},"excerpt":{"rendered":"<p>Mennyire fontos, hogy egy oktat\u00f3 digit\u00e1lis l\u00e1bnyomokat hagyjonmaga ut\u00e1n szakmai tev\u00e9kenys\u00e9ge sor\u00e1n \u00e9s\u00a0milyen m\u00f3don tegye ezt? Sziv\u00e1k Judit: Els\u0151 k\u00e9rd\u00e9s az, mit kezd az ember azzal, hogynem lehet nem nyomot hagyni. Ebben avil\u00e1gban rettenetesen \u00f6sszemos\u00f3dik a sze-m\u00e9lyes \u00e9s a szakmai t\u00e9r. A hallgat\u00f3val fontosmeg\u00e9rtetni, hogy mik\u00f6zben \u0151 klasszikus di\u00e1kszerepben k\u00e9sz\u00fcl egyklasszikusan nem di\u00e1kszerepre, meg kell [&hellip;]<\/p>\n","protected":false},"author":1,"featured_media":0,"parent":0,"menu_order":0,"comment_status":"closed","ping_status":"closed","template":"","meta":{"iawp_total_views":2,"footnotes":""},"class_list":["post-27","page","type-page","status-publish","hentry"],"_links":{"self":[{"href":"https:\/\/ikt.kre.hu\/omf\/en\/wp-json\/wp\/v2\/pages\/27","targetHints":{"allow":["GET"]}}],"collection":[{"href":"https:\/\/ikt.kre.hu\/omf\/en\/wp-json\/wp\/v2\/pages"}],"about":[{"href":"https:\/\/ikt.kre.hu\/omf\/en\/wp-json\/wp\/v2\/types\/page"}],"author":[{"embeddable":true,"href":"https:\/\/ikt.kre.hu\/omf\/en\/wp-json\/wp\/v2\/users\/1"}],"replies":[{"embeddable":true,"href":"https:\/\/ikt.kre.hu\/omf\/en\/wp-json\/wp\/v2\/comments?post=27"}],"version-history":[{"count":12,"href":"https:\/\/ikt.kre.hu\/omf\/en\/wp-json\/wp\/v2\/pages\/27\/revisions"}],"predecessor-version":[{"id":173,"href":"https:\/\/ikt.kre.hu\/omf\/en\/wp-json\/wp\/v2\/pages\/27\/revisions\/173"}],"wp:attachment":[{"href":"https:\/\/ikt.kre.hu\/omf\/en\/wp-json\/wp\/v2\/media?parent=27"}],"curies":[{"name":"wp","href":"https:\/\/api.w.org\/{rel}","templated":true}]}}