{"id":62,"date":"2025-08-28T20:50:06","date_gmt":"2025-08-28T18:50:06","guid":{"rendered":"https:\/\/ikt.kre.hu\/omf\/?page_id=62"},"modified":"2025-08-29T18:18:18","modified_gmt":"2025-08-29T16:18:18","slug":"5-a-tanulok-tamogatasa","status":"publish","type":"page","link":"https:\/\/ikt.kre.hu\/omf\/en\/5-a-tanulok-tamogatasa\/","title":{"rendered":"5.A tanul\u00f3k t\u00e1mogat\u00e1sa"},"content":{"rendered":"<div class=\"wp-block-group is-vertical is-content-justification-center is-layout-flex wp-container-core-group-is-layout-ce155fab wp-block-group-is-layout-flex\">\n<p class=\"has-text-align-center\"><strong>Sz\u0151ke Johanna MI szak\u00e9rt\u0151 kapcsol\u00f3d\u00f3 vide\u00f3i 2026 k\u00f6zep\u00e9t\u0151l lesznek el\u00e9rhet\u0151ek. Meg\u00e9rt\u00e9s\u00fcket k\u00f6sz\u00f6nj\u00fck!<\/strong><\/p>\n\n\n\n<figure class=\"wp-block-image size-large is-resized\"><img loading=\"lazy\" decoding=\"async\" width=\"1024\" height=\"796\" src=\"https:\/\/ikt.kre.hu\/omf\/wp-content\/uploads\/2025\/08\/Firefly_A-cute-friendly-illustration-of-a-small-AI-robot-sitting-peacefully-next-to-a-softly-699134-1024x796.jpg\" alt=\"\" class=\"wp-image-93\" style=\"width:460px;height:auto\" srcset=\"https:\/\/ikt.kre.hu\/omf\/wp-content\/uploads\/2025\/08\/Firefly_A-cute-friendly-illustration-of-a-small-AI-robot-sitting-peacefully-next-to-a-softly-699134-1024x796.jpg 1024w, https:\/\/ikt.kre.hu\/omf\/wp-content\/uploads\/2025\/08\/Firefly_A-cute-friendly-illustration-of-a-small-AI-robot-sitting-peacefully-next-to-a-softly-699134-300x233.jpg 300w, https:\/\/ikt.kre.hu\/omf\/wp-content\/uploads\/2025\/08\/Firefly_A-cute-friendly-illustration-of-a-small-AI-robot-sitting-peacefully-next-to-a-softly-699134-768x597.jpg 768w, https:\/\/ikt.kre.hu\/omf\/wp-content\/uploads\/2025\/08\/Firefly_A-cute-friendly-illustration-of-a-small-AI-robot-sitting-peacefully-next-to-a-softly-699134-1536x1195.jpg 1536w, https:\/\/ikt.kre.hu\/omf\/wp-content\/uploads\/2025\/08\/Firefly_A-cute-friendly-illustration-of-a-small-AI-robot-sitting-peacefully-next-to-a-softly-699134-2048x1593.jpg 2048w\" sizes=\"auto, (max-width: 1024px) 100vw, 1024px\" \/><\/figure>\n<\/div>","protected":false},"excerpt":{"rendered":"","protected":false},"author":1,"featured_media":0,"parent":0,"menu_order":0,"comment_status":"closed","ping_status":"closed","template":"page-no-title","meta":{"iawp_total_views":0,"footnotes":""},"class_list":["post-62","page","type-page","status-publish","hentry"],"_links":{"self":[{"href":"https:\/\/ikt.kre.hu\/omf\/en\/wp-json\/wp\/v2\/pages\/62","targetHints":{"allow":["GET"]}}],"collection":[{"href":"https:\/\/ikt.kre.hu\/omf\/en\/wp-json\/wp\/v2\/pages"}],"about":[{"href":"https:\/\/ikt.kre.hu\/omf\/en\/wp-json\/wp\/v2\/types\/page"}],"author":[{"embeddable":true,"href":"https:\/\/ikt.kre.hu\/omf\/en\/wp-json\/wp\/v2\/users\/1"}],"replies":[{"embeddable":true,"href":"https:\/\/ikt.kre.hu\/omf\/en\/wp-json\/wp\/v2\/comments?post=62"}],"version-history":[{"count":2,"href":"https:\/\/ikt.kre.hu\/omf\/en\/wp-json\/wp\/v2\/pages\/62\/revisions"}],"predecessor-version":[{"id":105,"href":"https:\/\/ikt.kre.hu\/omf\/en\/wp-json\/wp\/v2\/pages\/62\/revisions\/105"}],"wp:attachment":[{"href":"https:\/\/ikt.kre.hu\/omf\/en\/wp-json\/wp\/v2\/media?parent=62"}],"curies":[{"name":"wp","href":"https:\/\/api.w.org\/{rel}","templated":true}]}}